{"id":1589,"date":"2017-03-10T15:17:13","date_gmt":"2017-03-10T15:17:13","guid":{"rendered":"http:\/\/lagoritom.ch\/nuovo_sito\/?page_id=1589"},"modified":"2024-04-10T07:57:19","modified_gmt":"2024-04-10T07:57:19","slug":"news","status":"publish","type":"page","link":"http:\/\/lagoritom.ch\/de\/news\/","title":{"rendered":"News"},"content":{"rendered":"<\/p>\n<h4 style=\"text-align: center;\">TICINO TICKET<\/h4>\n<p>Dieses Jahr nebst <strong>freier<\/strong> <strong>Fahrt<\/strong> mit den \u00f6ffentlichen Verkehrsmitteln des Kantons gibt der Ticino Ticket bis zu <strong>30% Verg\u00fcnstigungen<\/strong> auf die Bergbahnen, Schifffahrt und Hauptattraktionen des Tessins. Alle G\u00e4ste, die in einem Hotel, einer Jugendherberge oder auf einem Campingplatz \u00fcbernachten, k\u00f6nnen einen Ticino Ticket beantragen. Der Ticino Ticket wird vom Unternehmen ausgestellt, wo der Gast \u00fcbernachtet. Der Ticino Ticket wird am Check-in abgegeben und ist bis zum Abreisetag g\u00fcltig. Bei der Ritom-Bahn gibt es eine Reduktion von 20%.<\/p>\n<h4 style=\"text-align: center;\">\u00a0<\/h4>\n<h4 style=\"text-align: center;\">GUTSCHEINE &#8211; VOUCHERS<\/h4>\n<p>Besitzen Sie einen Gutschein g\u00fcltig f\u00fcr eine\/mehrere \u00dcbernachtung\/en? Schreiben Sie uns bitte eine Anfrage per Mail mit dem gew\u00fcnschten Aufenthaltsdatum und legen Sie bitte ein Photo von Ihrem Gutschein bei. Bitte buchen Sie nicht direkt online. Um Ihren Aufenthalt zu best\u00e4tigen werden zuerst die Daten des Vouchers ben\u00f6tigt. Besten Dank f\u00fcr Ihre Mitarbeit.<\/p>\n<h4 style=\"text-align: center;\">FEST AUF DEM RIFUGIO F\u00d6ISC<\/h4>\n<p style=\"text-align: center;\">Datum zu vereinbaren. Fest auf dem Rifugio F\u00f6isc mit Gottesdienst am Morgen. Danach Mittagessen.<\/p>\n<h4 style=\"text-align: center;\">FEST AUF DER ALPE PIORA<\/h4>\n<p style=\"text-align: center;\">Datum zu vereinbaren. J\u00e4hrliches Fest bei der Alpk\u00e4serei Alpe Piora.<\/p>\n<p style=\"text-align: center;\">11.15 Gottesdienst bei der San Carlo Kappelle<br \/>12.30 Polenta mit Milch offriert von der Zunft Boggesi Alpe Piora<\/p>\n<p style=\"text-align: center;\">Ab 10.00 Uhr Kleinbus Transport ab der Ritom Staumauer.<br \/>Unbediengt mit der Ritom-Bahn fahren.<\/p>\n<p>\n","protected":false},"excerpt":{"rendered":"<p>TICINO TICKET Dieses Jahr nebst freier Fahrt mit den \u00f6ffentlichen Verkehrsmitteln des Kantons gibt der Ticino Ticket bis zu 30% Verg\u00fcnstigungen auf [&hellip;]<\/p>\n","protected":false},"author":3,"featured_media":0,"parent":0,"menu_order":0,"comment_status":"closed","ping_status":"closed","template":"page-templates\/page_fullwidth.php","meta":{"om_disable_all_campaigns":false,"footnotes":""},"class_list":["post-1589","page","type-page","status-publish","hentry"],"translation":{"provider":"WPGlobus","version":"3.0.0","language":"de","enabled_languages":["it","en","de"],"languages":{"it":{"title":true,"content":true,"excerpt":false},"en":{"title":false,"content":true,"excerpt":false},"de":{"title":false,"content":true,"excerpt":false}}},"aioseo_notices":[],"_links":{"self":[{"href":"http:\/\/lagoritom.ch\/de\/wp-json\/wp\/v2\/pages\/1589","targetHints":{"allow":["GET"]}}],"collection":[{"href":"http:\/\/lagoritom.ch\/de\/wp-json\/wp\/v2\/pages"}],"about":[{"href":"http:\/\/lagoritom.ch\/de\/wp-json\/wp\/v2\/types\/page"}],"author":[{"embeddable":true,"href":"http:\/\/lagoritom.ch\/de\/wp-json\/wp\/v2\/users\/3"}],"replies":[{"embeddable":true,"href":"http:\/\/lagoritom.ch\/de\/wp-json\/wp\/v2\/comments?post=1589"}],"version-history":[{"count":33,"href":"http:\/\/lagoritom.ch\/de\/wp-json\/wp\/v2\/pages\/1589\/revisions"}],"predecessor-version":[{"id":2062,"href":"http:\/\/lagoritom.ch\/de\/wp-json\/wp\/v2\/pages\/1589\/revisions\/2062"}],"wp:attachment":[{"href":"http:\/\/lagoritom.ch\/de\/wp-json\/wp\/v2\/media?parent=1589"}],"curies":[{"name":"wp","href":"https:\/\/api.w.org\/{rel}","templated":true}]}}