{"id":54,"date":"2016-12-29T19:27:35","date_gmt":"2016-12-29T19:27:35","guid":{"rendered":"http:\/\/www.studio-mic.it\/lagoritom\/?page_id=50"},"modified":"2017-04-19T20:38:17","modified_gmt":"2017-04-19T20:38:17","slug":"i-laghetti-alpini","status":"publish","type":"page","link":"http:\/\/lagoritom.ch\/de\/i-laghetti-alpini\/","title":{"rendered":"Die Bergseen"},"content":{"rendered":"<div id='gallery-1' class='gallery galleryid-54 gallery-columns-3 gallery-size-thumbnail'><figure class='gallery-item'>\n\t\t\t<div class='gallery-icon landscape'>\n\t\t\t\t<img loading=\"lazy\" decoding=\"async\" width=\"128\" height=\"96\" src=\"http:\/\/lagoritom.ch\/wp-content\/uploads\/2016\/12\/L1-2.jpg\" class=\"attachment-thumbnail size-thumbnail\" alt=\"\" \/>\n\t\t\t<\/div><\/figure><figure class='gallery-item'>\n\t\t\t<div class='gallery-icon landscape'>\n\t\t\t\t<img loading=\"lazy\" decoding=\"async\" width=\"128\" height=\"96\" src=\"http:\/\/lagoritom.ch\/wp-content\/uploads\/2016\/12\/L2-2.jpg\" class=\"attachment-thumbnail size-thumbnail\" alt=\"\" \/>\n\t\t\t<\/div><\/figure><figure class='gallery-item'>\n\t\t\t<div class='gallery-icon landscape'>\n\t\t\t\t<img loading=\"lazy\" decoding=\"async\" width=\"128\" height=\"96\" src=\"http:\/\/lagoritom.ch\/wp-content\/uploads\/2016\/12\/L3-2.jpg\" class=\"attachment-thumbnail size-thumbnail\" alt=\"\" \/>\n\t\t\t<\/div><\/figure>\n\t\t<\/div>\n\n<p>Zu den Besonderheiten dieses landschaftlich attraktives Gebietes geh\u00f6ren vor allem die sch\u00f6nen Bergseeen. Einige sind sogar die gr\u00f6ssten des Kantons.<\/p>\n<p><img loading=\"lazy\" decoding=\"async\" class=\"aligncenter size-full wp-image-377\" src=\"http:\/\/lagoritom.ch\/nuovo_sito\/wp-content\/uploads\/2016\/12\/pioravalley_lakemap.gif\" alt=\"\" width=\"537\" height=\"475\" \/><\/p>\n<h5 style=\"text-align: left;\"><\/h5>\n<h5 style=\"text-align: center;\"><strong>Lago Ritom 1850m<\/strong>.<\/h5>\n<p><img loading=\"lazy\" decoding=\"async\" class=\"wp-image-387 size-full aligncenter\" src=\"http:\/\/lagoritom.ch\/nuovo_sito\/wp-content\/uploads\/2016\/12\/L6.jpg\" width=\"450\" height=\"302\" \/><\/p>\n<p>Mit einer Oberfl\u00e4che von <strong>1.49 km2<\/strong> und einem Volumen von <strong>48 mio m3<\/strong> Wasser, ist der Ritomsee <strong>der gr\u00f6sste Bergsee vom Kanton Tessin<\/strong>. Maximale Tiefe 69m. Die Staumauer wurde <strong>1919 <\/strong>gebaut, um das Wasser f\u00fcr hydroelektrische Zwecke zu ben\u00fctzen. Durch den Bau der Staumauer verschwanden das Torfmoor, die San Carlo Alm und das Hotel Piora, welches um 1877 gebaut wurde. Fische: Bachforelle, Regenbogenforelle, Seesaibling, Bachsaibling.<\/p>\n<h5 style=\"text-align: center;\"><\/h5>\n<h5 style=\"text-align: center;\"><strong>Lago Tom \u2013 2022m<\/strong>.<\/h5>\n<p style=\"text-align: center;\"><img loading=\"lazy\" decoding=\"async\" class=\"aligncenter size-full wp-image-388\" src=\"http:\/\/lagoritom.ch\/nuovo_sito\/wp-content\/uploads\/2016\/12\/L12.jpg\" alt=\"\" width=\"450\" height=\"338\" \/><\/p>\n<p style=\"text-align: left;\"><span lang=\"EN-US\">Der Tom See ist f\u00fcr seinen <strong>sch\u00f6nen weissen Sandstrand<\/strong> bekannt und liegt in<\/span> <span lang=\"EN-US\">einem 15 m h\u00f6hen Steinbecken <strong>aus der Eiszeit. <\/strong>Hier kann man den sogennanten Zuckerdolomit besonders gut erkennen. Dieses Gestein verursachte Sorgfalten bei Ingenieuren von Alptransit. Denn dieser Dolomit ist sehr weich und br\u00f6selig. Reicht das Gestein bis dort hinunter, wo der Gotthard-Basistunnel durchf\u00fchren wird? F\u00fcr einmal behielten die Optimisten recht.<strong> Fische: <\/strong>Bachforelle, Seesaibling, Kanadischer Seesaibling.<\/span><\/p>\n<h5 style=\"text-align: center;\"><\/h5>\n<h5 style=\"text-align: center;\"><strong>Lago Cadagno \u2013 1921m<\/strong>.<\/h5>\n<p style=\"text-align: center;\"><img loading=\"lazy\" decoding=\"async\" class=\"aligncenter size-full wp-image-389\" src=\"http:\/\/lagoritom.ch\/nuovo_sito\/wp-content\/uploads\/2016\/12\/L18.jpg\" alt=\"\" width=\"450\" height=\"302\" \/><\/p>\n<p style=\"text-align: left;\"><span lang=\"EN-US\">Der Cadagno See wurde in den Jahren <strong>1944-1947<\/strong> einged\u00e4mmt, und das Ufer wurde mit einer <strong>Sandmauer<\/strong> erh\u00f6ht. Mit ca. 700 m in der L\u00e4nge und 350 m in der Breite erreicht dieser See eine <strong>maximale Tiefe von 20 Meter. <\/strong>Unter Forschern ist er weltber\u00fchmt. In einer Station beim See untersuchen sie die Meromixis. Damit bezeichnet man zwei sich nicht vermischende Wasserschichten. Mehr Infos unter der Rubrik Meromissi.<strong><br \/>\nFische: <\/strong>Bachforelle, Regenbogenforelle, Seesaibling, Bachsaibling.<\/span><\/p>\n<h5 style=\"text-align: center;\"><\/h5>\n<h5 style=\"text-align: center;\"><strong>Laghetti Taneda \u2013 2304m<\/strong>.<\/h5>\n<p style=\"text-align: center;\"><img loading=\"lazy\" decoding=\"async\" class=\"aligncenter size-full wp-image-390\" src=\"http:\/\/lagoritom.ch\/nuovo_sito\/wp-content\/uploads\/2016\/12\/L24.jpg\" alt=\"\" width=\"245\" height=\"326\" \/><\/p>\n<p style=\"text-align: center;\"><span lang=\"EN-US\">Diese zwei wundersch\u00f6nen Bergseen haben eine Flaeche von 2800 und 3100 m2 und stammen aus der Eiszeit.<\/span><\/p>\n<h5 style=\"text-align: center;\"><\/h5>\n<h5 style=\"text-align: center;\"><strong>Lago Scuro \u2013 2451m<\/strong>.<\/h5>\n<p style=\"text-align: center;\"><img loading=\"lazy\" decoding=\"async\" class=\"aligncenter size-full wp-image-383\" src=\"http:\/\/lagoritom.ch\/nuovo_sito\/wp-content\/uploads\/2016\/12\/L25.jpg\" alt=\"\" width=\"265\" height=\"199\" \/><\/p>\n<p><span lang=\"EN-US\">Es lohnt sich wirklich bis nach oben zum Lago Scuro zu wandern, um diesen <strong>kreisf\u00f6rmigen Bergsee<\/strong> zu bewundern. Sein Wasser ruht in einem Gneissbecken und fliesst in den Medel Rhein ein. 2.5 Stunden von unserem Haus entfernt. <strong>Fische<\/strong>: Kanadische Forelle<\/span><\/p>\n<h5 style=\"text-align: center;\"><\/h5>\n<h5 style=\"text-align: center;\">Lago della Miniera \u2013 2525m.<\/h5>\n<p style=\"text-align: center;\"><img loading=\"lazy\" decoding=\"async\" class=\"aligncenter size-full wp-image-384\" src=\"http:\/\/lagoritom.ch\/nuovo_sito\/wp-content\/uploads\/2016\/12\/L26.jpg\" alt=\"\" width=\"270\" height=\"203\" \/><\/p>\n<p style=\"text-align: left;\"><span lang=\"EN-US\">Der Name (miniera = Bergwerk\/Miene) stammt aus der Zeit, als man Blei Blei vom Berg abbaute. Dieser See hat eine ovale Form und ist einer der hoechstgelegenen Seen im Tessin.<\/span><\/p>\n<h5 style=\"text-align: center;\"><\/h5>\n<h5 style=\"text-align: center;\"><strong>Lago di Dentro \u2013 2298m<\/strong>.<\/h5>\n<p style=\"text-align: center;\"><img loading=\"lazy\" decoding=\"async\" class=\"aligncenter wp-image-385 size-medium\" src=\"http:\/\/lagoritom.ch\/nuovo_sito\/wp-content\/uploads\/2016\/12\/L28-300x200.jpg\" width=\"300\" height=\"200\" \/><\/p>\n<p><span lang=\"EN-US\">Entfernung vom Berggasthaus Ritom See: ca. 2.5 Std. Dieser See liegt in der N\u00e4he der Bocchetta di Cadlimo und wird von Cadagno aus erricht. Fische: Bachforelle und kanadische Forelle<\/span><\/p>\n<h5 style=\"text-align: center;\"><\/h5>\n<h5 style=\"text-align: center;\"><strong>Laghetto Pizzo Tom<\/strong><\/h5>\n<p style=\"text-align: center;\"><img loading=\"lazy\" decoding=\"async\" class=\"aligncenter size-full wp-image-386\" src=\"http:\/\/lagoritom.ch\/nuovo_sito\/wp-content\/uploads\/2016\/12\/L29.jpg\" alt=\"\" width=\"205\" height=\"154\" \/><\/p>\n<h5 style=\"text-align: center;\"><\/h5>\n<h5 style=\"text-align: center;\">Lago di Curnera \u2013 2506m<strong>.<\/strong><\/h5>\n<p style=\"text-align: center;\">Dieser Bergsee ist in der N\u00e4he der Bocchetta di Cadlimo gelegen.<\/p>\n<h5 style=\"text-align: center;\">Lago dell\u2019Isra \u2013 2322m<strong>.<\/strong><\/h5>\n<p style=\"text-align: center;\">Fische: Fario Forelle, Kanadische Forelle, Regenbogen Forelle, Saibling<\/p>\n<h5 style=\"text-align: center;\">Lago dello Stabbio \u2013 2352m<strong>.<\/strong><\/h5>\n<p style=\"text-align: center;\"><span lang=\"EN-US\">Dieser See hat die Form eines <strong>Halbkreises<\/strong>, eine Fl\u00e4che von 7 ha und liegt in einem Gneissbecken aus der Eiszeit.<\/span><\/p>\n<h5 style=\"text-align: center;\">Lago di Scenadui \u2013 2579m<strong>.<\/strong><\/h5>\n","protected":false},"excerpt":{"rendered":"<p>Zu den Besonderheiten dieses landschaftlich attraktives Gebietes geh\u00f6ren vor allem die sch\u00f6nen Bergseeen. Einige sind sogar die gr\u00f6ssten des Kantons. Lago Ritom [&hellip;]<\/p>\n","protected":false},"author":4,"featured_media":0,"parent":0,"menu_order":0,"comment_status":"closed","ping_status":"closed","template":"page-templates\/page_fullwidth.php","meta":{"om_disable_all_campaigns":false,"footnotes":""},"class_list":["post-54","page","type-page","status-publish","hentry"],"translation":{"provider":"WPGlobus","version":"3.0.0","language":"de","enabled_languages":["it","en","de"],"languages":{"it":{"title":true,"content":true,"excerpt":false},"en":{"title":true,"content":true,"excerpt":false},"de":{"title":true,"content":true,"excerpt":false}}},"aioseo_notices":[],"_links":{"self":[{"href":"http:\/\/lagoritom.ch\/de\/wp-json\/wp\/v2\/pages\/54","targetHints":{"allow":["GET"]}}],"collection":[{"href":"http:\/\/lagoritom.ch\/de\/wp-json\/wp\/v2\/pages"}],"about":[{"href":"http:\/\/lagoritom.ch\/de\/wp-json\/wp\/v2\/types\/page"}],"author":[{"embeddable":true,"href":"http:\/\/lagoritom.ch\/de\/wp-json\/wp\/v2\/users\/4"}],"replies":[{"embeddable":true,"href":"http:\/\/lagoritom.ch\/de\/wp-json\/wp\/v2\/comments?post=54"}],"version-history":[{"count":24,"href":"http:\/\/lagoritom.ch\/de\/wp-json\/wp\/v2\/pages\/54\/revisions"}],"predecessor-version":[{"id":382,"href":"http:\/\/lagoritom.ch\/de\/wp-json\/wp\/v2\/pages\/54\/revisions\/382"}],"wp:attachment":[{"href":"http:\/\/lagoritom.ch\/de\/wp-json\/wp\/v2\/media?parent=54"}],"curies":[{"name":"wp","href":"https:\/\/api.w.org\/{rel}","templated":true}]}}