{"id":117,"date":"2016-12-29T19:39:18","date_gmt":"2016-12-29T19:39:18","guid":{"rendered":"http:\/\/www.studio-mic.it\/lagoritom\/?page_id=117"},"modified":"2017-04-19T20:34:16","modified_gmt":"2017-04-19T20:34:16","slug":"lago-tom-2","status":"publish","type":"page","link":"https:\/\/lagoritom.ch\/de\/lago-tom-2\/","title":{"rendered":"Wanderungstipp f\u00fcr Familien mit Kindern"},"content":{"rendered":"<p style=\"text-align: left;\">Ab unserem Rifugio laufen Sie \u00fcber die Staumauer und dann weiter bis zur Wandertafel, welche den Weg zum Tom See zeigt. Der See ist f\u00fcr seinen sch\u00f6nen weissen Strandsand bekannt. Auf dem Weg zwischen den Ritom und Tom See sind viele Murmeltiere zu sehen. Ab dem Tom See k\u00f6nnen Sie den Cadagno See in ca. 30 Minuten erreichen, und von dort zum Rifugio oder zur Bergstation zur\u00fccklwandern.<\/p>\n<p style=\"text-align: left;\"><img loading=\"lazy\" decoding=\"async\" class=\"wp-image-653 aligncenter\" src=\"http:\/\/lagoritom.ch\/nuovo_sito\/wp-content\/uploads\/2016\/12\/tom-panorama-henrique-1024x419.jpg\" width=\"872\" height=\"357\" \/><\/p>\n<h4 style=\"text-align: center;\"><strong>Sandstrand und kristallklares Wasser. Zum Baden kalt, aber herrlich!<\/strong><\/h4>\n<p style=\"text-align: center;\"><img loading=\"lazy\" decoding=\"async\" class=\"aligncenter wp-image-515\" src=\"http:\/\/lagoritom.ch\/nuovo_sito\/wp-content\/uploads\/2016\/12\/ritom-tom-famiglie-830x573.jpg\" alt=\"\" width=\"662\" height=\"457\" \/><\/p>\n<p style=\"text-align: center;\"><img loading=\"lazy\" decoding=\"async\" class=\"aligncenter size-full wp-image-514\" src=\"http:\/\/lagoritom.ch\/nuovo_sito\/wp-content\/uploads\/2016\/12\/Dettagli-ritom-tom-famiglie.jpg\" alt=\"\" width=\"623\" height=\"448\" \/><\/p>\n","protected":false},"excerpt":{"rendered":"<p>Ab unserem Rifugio laufen Sie \u00fcber die Staumauer und dann weiter bis zur Wandertafel, welche den Weg zum Tom See zeigt. Der [&hellip;]<\/p>\n","protected":false},"author":4,"featured_media":0,"parent":0,"menu_order":0,"comment_status":"closed","ping_status":"closed","template":"page-templates\/page_fullwidth.php","meta":{"om_disable_all_campaigns":false,"footnotes":""},"class_list":["post-117","page","type-page","status-publish","hentry"],"translation":{"provider":"WPGlobus","version":"3.0.0","language":"de","enabled_languages":["it","en","de"],"languages":{"it":{"title":true,"content":true,"excerpt":false},"en":{"title":true,"content":true,"excerpt":false},"de":{"title":true,"content":true,"excerpt":false}}},"aioseo_notices":[],"_links":{"self":[{"href":"https:\/\/lagoritom.ch\/de\/wp-json\/wp\/v2\/pages\/117","targetHints":{"allow":["GET"]}}],"collection":[{"href":"https:\/\/lagoritom.ch\/de\/wp-json\/wp\/v2\/pages"}],"about":[{"href":"https:\/\/lagoritom.ch\/de\/wp-json\/wp\/v2\/types\/page"}],"author":[{"embeddable":true,"href":"https:\/\/lagoritom.ch\/de\/wp-json\/wp\/v2\/users\/4"}],"replies":[{"embeddable":true,"href":"https:\/\/lagoritom.ch\/de\/wp-json\/wp\/v2\/comments?post=117"}],"version-history":[{"count":20,"href":"https:\/\/lagoritom.ch\/de\/wp-json\/wp\/v2\/pages\/117\/revisions"}],"predecessor-version":[{"id":1565,"href":"https:\/\/lagoritom.ch\/de\/wp-json\/wp\/v2\/pages\/117\/revisions\/1565"}],"wp:attachment":[{"href":"https:\/\/lagoritom.ch\/de\/wp-json\/wp\/v2\/media?parent=117"}],"curies":[{"name":"wp","href":"https:\/\/api.w.org\/{rel}","templated":true}]}}