{"id":122,"date":"2016-12-29T19:40:23","date_gmt":"2016-12-29T19:40:23","guid":{"rendered":"http:\/\/www.studio-mic.it\/lagoritom\/?page_id=122"},"modified":"2017-04-21T17:14:50","modified_gmt":"2017-04-21T17:14:50","slug":"gottardo-bike","status":"publish","type":"page","link":"https:\/\/lagoritom.ch\/de\/gottardo-bike\/","title":{"rendered":"Gottardo Bike"},"content":{"rendered":"<div id='gallery-1' class='gallery galleryid-122 gallery-columns-4 gallery-size-thumbnail'><figure class='gallery-item'>\n\t\t\t<div class='gallery-icon landscape'>\n\t\t\t\t<img loading=\"lazy\" decoding=\"async\" width=\"150\" height=\"150\" src=\"https:\/\/lagoritom.ch\/wp-content\/uploads\/2016\/12\/mtb-4-150x150-2.jpg\" class=\"attachment-thumbnail size-thumbnail\" alt=\"\" \/>\n\t\t\t<\/div><\/figure><figure class='gallery-item'>\n\t\t\t<div class='gallery-icon landscape'>\n\t\t\t\t<img loading=\"lazy\" decoding=\"async\" width=\"150\" height=\"150\" src=\"https:\/\/lagoritom.ch\/wp-content\/uploads\/2016\/12\/mtb-5-150x150-2.jpg\" class=\"attachment-thumbnail size-thumbnail\" alt=\"\" \/>\n\t\t\t<\/div><\/figure><figure class='gallery-item'>\n\t\t\t<div class='gallery-icon landscape'>\n\t\t\t\t<img loading=\"lazy\" decoding=\"async\" width=\"150\" height=\"150\" src=\"https:\/\/lagoritom.ch\/wp-content\/uploads\/2016\/12\/mtb-6-150x150-2.jpg\" class=\"attachment-thumbnail size-thumbnail\" alt=\"\" \/>\n\t\t\t<\/div><\/figure><figure class='gallery-item'>\n\t\t\t<div class='gallery-icon landscape'>\n\t\t\t\t<img loading=\"lazy\" decoding=\"async\" width=\"150\" height=\"150\" src=\"https:\/\/lagoritom.ch\/wp-content\/uploads\/2016\/12\/mtb-7-150x150-2.jpg\" class=\"attachment-thumbnail size-thumbnail\" alt=\"\" \/>\n\t\t\t<\/div><\/figure>\n\t\t<\/div>\n\n<p><span lang=\"IT-CH\">Unser Berghaus ist vom<strong> Leventina Tal<\/strong> (ab Airolo\/Piotta\/Quinto), vom<strong> Blenio Tal<\/strong> via Passo dell&#8217; Uomo, und vom<strong> Gotthard Pass<\/strong> via Alpe Pontino, Val Canaria und Bocchetta del<\/span><span lang=\"EN-US\"> Camogh\u00e8 erreichbar. Vorbei an gr\u00f6sseren und kleineren Seen und durch herrlich riechende Bergw\u00e4lder, k\u00f6nnen Sie unser Haus erreichen. <\/span>Die Nationalroute Nr. 65 &#8211; Die Gottardo Bike &#8211; verbindet Andermatt und Biasca in drei Etappen.<\/p>\n<div id='gallery-2' class='gallery galleryid-122 gallery-columns-3 gallery-size-thumbnail'><figure class='gallery-item'>\n\t\t\t<div class='gallery-icon landscape'>\n\t\t\t\t<img loading=\"lazy\" decoding=\"async\" width=\"150\" height=\"150\" src=\"https:\/\/lagoritom.ch\/wp-content\/uploads\/2016\/12\/mtb1-300x225-2-150x150.jpg\" class=\"attachment-thumbnail size-thumbnail\" alt=\"\" \/>\n\t\t\t<\/div><\/figure><figure class='gallery-item'>\n\t\t\t<div class='gallery-icon landscape'>\n\t\t\t\t<img loading=\"lazy\" decoding=\"async\" width=\"150\" height=\"150\" src=\"https:\/\/lagoritom.ch\/wp-content\/uploads\/2016\/12\/nr65_gottardo_bike-2-150x150.gif\" class=\"attachment-thumbnail size-thumbnail\" alt=\"\" \/>\n\t\t\t<\/div><\/figure><figure class='gallery-item'>\n\t\t\t<div class='gallery-icon landscape'>\n\t\t\t\t<img loading=\"lazy\" decoding=\"async\" width=\"150\" height=\"150\" src=\"https:\/\/lagoritom.ch\/wp-content\/uploads\/2016\/12\/mtb-8-300x202-2-150x150.jpg\" class=\"attachment-thumbnail size-thumbnail\" alt=\"\" \/>\n\t\t\t<\/div><\/figure>\n\t\t<\/div>\n\n<p style=\"text-align: center;\"><strong>ANDERMATT &#8211; LAGO RITOM 45 km (1560 Hm)<\/strong><br \/>\nWeitgehend auf der alten Passstrasse und auf Saumpfaden hinauf zum legend\u00e4ren Gotthardpass. Von der kargen Hochgebirgslandschaft weit \u00fcber dem Valle Leventina geht\u2019s rasant durch W\u00e4lder und alte Weiler hinunter zum Verkehrsknotenpunkt Airolo. Auf dem Weg der Strada Alta (Gelbe Markierung) f\u00fchrt uns die Route zum Ritomsee.<\/p>\n<p style=\"text-align: center;\"><strong>LAGO RITOM &#8211; OLIVONE 30 km (500 Hm)<\/strong><\/p>\n<p style=\"text-align: center;\">Eindr\u00fccklicher \u00dcbergang vom Val Piora ins Val Blenio. Die liebliche Piora-Ebene mit ihren Bergseen ist eingebettet in eine schroffe Landschaft, die Abfahrt nach Olivone gepr\u00e4gt von L\u00e4rchenw\u00e4ldern, sattgr\u00fcnen Ebenen und dichten Tannenw\u00e4ldern.<\/p>\n<p style=\"text-align: center;\"><strong>OLIVONE &#8211; BIASCA 25 km (220 Hm)<\/strong><\/p>\n<p style=\"text-align: center;\">Diese Etappe erkundet das Val Blenio, eines der sch\u00f6nsten T\u00e4ler des Nordtessins, folgt dabei weitgehend den alten Landstr\u00e4sschen und ist technisch einfach. Immer wieder schweift der Blick entlang den eindr\u00fccklichen Talflanken.<\/p>\n<h3 style=\"text-align: center;\"><a href=\"http:\/\/lagoritom.ch\/nuovo_sito\/wp-content\/uploads\/2016\/12\/Proflio_Gottardo_Bike.pdf\" target=\"_blank\" rel=\"noopener noreferrer\">PDF_Gottardo_Bike Tour<\/a><\/h3>\n<p style=\"text-align: center;\"><strong>Anforderung <\/strong>Technik: mittelschwer\u00a0\u00a0 Kondition: Gut<\/p>\n<p style=\"text-align: center;\"><strong>Achtung! <\/strong>Bis Ende Juni k\u00f6nnte Schnee auf der H\u00f6he noch liegen (Passo dell&#8217;Uomo 2218m.)<\/p>\n<p style=\"text-align: center;\"><strong>Markierung <\/strong>Die Strecke ist mit dieser Tafel markiert.<\/p>\n<p style=\"text-align: center;\"><img loading=\"lazy\" decoding=\"async\" class=\"aligncenter size-full wp-image-501\" src=\"http:\/\/lagoritom.ch\/nuovo_sito\/wp-content\/uploads\/2016\/12\/mtb-9-230x307.jpg\" alt=\"\" width=\"230\" height=\"307\" \/><\/p>\n<p style=\"text-align: center;\">\n","protected":false},"excerpt":{"rendered":"<p>Unser Berghaus ist vom Leventina Tal (ab Airolo\/Piotta\/Quinto), vom Blenio Tal via Passo dell&#8217; Uomo, und vom Gotthard Pass via Alpe Pontino, [&hellip;]<\/p>\n","protected":false},"author":4,"featured_media":0,"parent":0,"menu_order":0,"comment_status":"closed","ping_status":"closed","template":"page-templates\/page_fullwidth.php","meta":{"om_disable_all_campaigns":false,"footnotes":""},"class_list":["post-122","page","type-page","status-publish","hentry"],"translation":{"provider":"WPGlobus","version":"3.0.0","language":"de","enabled_languages":["it","en","de"],"languages":{"it":{"title":true,"content":true,"excerpt":false},"en":{"title":true,"content":true,"excerpt":false},"de":{"title":false,"content":true,"excerpt":false}}},"aioseo_notices":[],"_links":{"self":[{"href":"https:\/\/lagoritom.ch\/de\/wp-json\/wp\/v2\/pages\/122","targetHints":{"allow":["GET"]}}],"collection":[{"href":"https:\/\/lagoritom.ch\/de\/wp-json\/wp\/v2\/pages"}],"about":[{"href":"https:\/\/lagoritom.ch\/de\/wp-json\/wp\/v2\/types\/page"}],"author":[{"embeddable":true,"href":"https:\/\/lagoritom.ch\/de\/wp-json\/wp\/v2\/users\/4"}],"replies":[{"embeddable":true,"href":"https:\/\/lagoritom.ch\/de\/wp-json\/wp\/v2\/comments?post=122"}],"version-history":[{"count":18,"href":"https:\/\/lagoritom.ch\/de\/wp-json\/wp\/v2\/pages\/122\/revisions"}],"predecessor-version":[{"id":1508,"href":"https:\/\/lagoritom.ch\/de\/wp-json\/wp\/v2\/pages\/122\/revisions\/1508"}],"wp:attachment":[{"href":"https:\/\/lagoritom.ch\/de\/wp-json\/wp\/v2\/media?parent=122"}],"curies":[{"name":"wp","href":"https:\/\/api.w.org\/{rel}","templated":true}]}}