{"id":128,"date":"2016-12-29T19:41:09","date_gmt":"2016-12-29T19:41:09","guid":{"rendered":"http:\/\/www.studio-mic.it\/lagoritom\/?page_id=128"},"modified":"2025-05-22T10:34:38","modified_gmt":"2025-05-22T10:34:38","slug":"pesca","status":"publish","type":"page","link":"https:\/\/lagoritom.ch\/de\/pesca\/","title":{"rendered":"Fischen in den Bergseen"},"content":{"rendered":"<p><span lang=\"EN-US\">Dank den zahlreichen Bergseen ist das Piora Tal <strong>ein wahres Paradies f\u00fcr die Fischer<\/strong>! Ab Juni entspannen sich die Fischer entlang den Ufern und geniessen die Ruhe der Bergwelt. In den Seen sind folgende Fische zuhause: <strong>Bachforellen<\/strong>, <strong>Regenbogen<\/strong>&#8211; und <strong>Kanadische Forelle<\/strong>, <strong>See<\/strong>&#8211; und <strong>Bachsaiblinge.<\/strong><\/span><\/p>\n<p><strong><span lang=\"IT\">Fischereivorschriften (<\/span><\/strong>Fisch-Departement in Bellinzona: Tel. 091 814 2871 &#8211; Email:\u00a0dt-ucp@ti.ch)<\/p>\n<p><span lang=\"IT\">Folgende Vorschriften gelten in den Seen des Piora Tal. Es handelt sich um einige wichtige Ausz\u00fcge aus der italienischen Fassung (f\u00fcr die komplette Uebersetzung der Vorschriften clicken Sie bitte auf das Link hier unten). Die Vorschriften sind nicht ausschliessend und ohne Gew\u00e4hr zu betrachten.<br \/>\n<\/span><\/p>\n<ul>\n<li><span lang=\"IT\">Das Anfuttern ist verboten<\/span><\/li>\n<li><span lang=\"IT\">Fleischmaden und Fischeier sind verboten<\/span><\/li>\n<li><span lang=\"FR\">Es darf nur mit einer Rute geangelt werden. Diese ist unter Aufsicht zu halten<\/span><\/li>\n<li><span lang=\"FR\">Es sind Haken ab Groesse 7 und nicht kleiner erlaubt. Der Dreiangel darf nur mit K\u00f6dernfisch, Gummifisch oder Spinner gef\u00fchrt werden.<\/span><\/li>\n<li><span lang=\"FR\">Wideraken sind verboten<\/span><\/li>\n<li><span lang=\"IT\">Die gefangenen Fische m\u00fcssen bis zur Unterkunft ganz belassen werden.<\/span><\/li>\n<li><span lang=\"IT\">Es d\u00fcrfen pro Tag 12 Forellen und 2 Aeschen gefangen werden. Die Anzahl von Forellen und Saiblingen d\u00fcrfen die totale Fangzahl von 12 nicht \u00fcbersteigen.<\/span><\/li>\n<li><span lang=\"FR\">Es gelten die Mindestfangmasse f\u00fcr Forellen von 24 cm, fur Aeschen von 38 cm, fur Saiblinge von 28 cm und der kanadischen Forelle von 28 cm.<\/span><\/li>\n<li><span lang=\"FR\">Die Fischsaison in den Bergseen startet am ersten Sonntag von Juni und endet in Oktober am ersten Sonntag.\u00a0<\/span><\/li>\n<\/ul>\n<p><strong>Zu dem PDF-Fischereivorschriften: <\/strong><a href=\"http:\/\/lagoritom.ch\/nuovo_sito\/wp-content\/uploads\/2016\/12\/Fischereivorschriften_Tessin.pdf\" target=\"_blank\" rel=\"noopener noreferrer\">Fischereivorschriften_Tessin<\/a><br \/>\n<strong><span lang=\"FR\">Touristen-Fischpatent Preise<\/span><\/strong><span lang=\"FR\"> (bitte fragen das Fischdepartement in Bellinzona, ab wann mit dem Touristen Patent <\/span><span lang=\"FR\">in den Bergseen fischen darf):<\/span><br \/>\n<span lang=\"FR\">&#8211; <\/span><span lang=\"FR\">2 Tagespatent\u00a0: CHF. 60.-, Kinder unter 17 Jahren CHF. 20.-<\/span><br \/>\n<span lang=\"FR\">&#8211; <\/span><span lang=\"FR\">7 Tagespatent\u00a0: CHF. 120.- \/ Kinder unter 17 Jahren CHF. 30.-<\/span><\/p>\n<p style=\"text-align: left;\"><strong>Verkaufsstellen<span lang=\"FR\">:<\/span><\/strong><br \/>\n<span lang=\"FR\">&#8211; Tourismusb\u00fcros im Tessin (z.B. Airolo Tel. 091 869 1533) und Tessiner Gemeinden (z.B Gemeinde in Quinto Tel. 091 873 8000.<br \/>\n<\/span><\/p>\n<p>&#8211; Das Fischpatent kann auch auf App Store oder Google Play herunter geladen werden: PESCA TI<\/p>\n<p style=\"text-align: center;\"><img loading=\"lazy\" decoding=\"async\" class=\"aligncenter size-full wp-image-525\" src=\"http:\/\/lagoritom.ch\/nuovo_sito\/wp-content\/uploads\/2016\/12\/P18_Denis-e-amico.jpg\" alt=\"\" width=\"500\" height=\"375\" \/><\/p>\n<p style=\"text-align: center;\"><img loading=\"lazy\" decoding=\"async\" class=\"aligncenter size-large wp-image-526\" src=\"http:\/\/lagoritom.ch\/nuovo_sito\/wp-content\/uploads\/2016\/12\/P28_Gruppo-trote-rosa-denis.jpg\" alt=\"\" width=\"500\" height=\"375\" \/><\/p>\n<p style=\"text-align: center;\"><img loading=\"lazy\" decoding=\"async\" class=\"aligncenter wp-image-527 \" src=\"http:\/\/lagoritom.ch\/nuovo_sito\/wp-content\/uploads\/2016\/12\/Pescatori-cadagno-768x511.jpg\" width=\"506\" height=\"336\" \/><\/p>\n<p style=\"text-align: center;\"><img loading=\"lazy\" decoding=\"async\" class=\"aligncenter wp-image-528\" src=\"http:\/\/lagoritom.ch\/nuovo_sito\/wp-content\/uploads\/2016\/12\/trota-2013-2.jpg\" alt=\"\" width=\"502\" height=\"375\" \/><\/p>\n","protected":false},"excerpt":{"rendered":"<p>Dank den zahlreichen Bergseen ist das Piora Tal ein wahres Paradies f\u00fcr die Fischer! Ab Juni entspannen sich die Fischer entlang den [&hellip;]<\/p>\n","protected":false},"author":4,"featured_media":0,"parent":0,"menu_order":0,"comment_status":"closed","ping_status":"closed","template":"page-templates\/page_fullwidth.php","meta":{"om_disable_all_campaigns":false,"footnotes":""},"class_list":["post-128","page","type-page","status-publish","hentry"],"translation":{"provider":"WPGlobus","version":"3.0.0","language":"de","enabled_languages":["it","en","de"],"languages":{"it":{"title":true,"content":true,"excerpt":false},"en":{"title":true,"content":true,"excerpt":false},"de":{"title":true,"content":true,"excerpt":false}}},"aioseo_notices":[],"_links":{"self":[{"href":"https:\/\/lagoritom.ch\/de\/wp-json\/wp\/v2\/pages\/128","targetHints":{"allow":["GET"]}}],"collection":[{"href":"https:\/\/lagoritom.ch\/de\/wp-json\/wp\/v2\/pages"}],"about":[{"href":"https:\/\/lagoritom.ch\/de\/wp-json\/wp\/v2\/types\/page"}],"author":[{"embeddable":true,"href":"https:\/\/lagoritom.ch\/de\/wp-json\/wp\/v2\/users\/4"}],"replies":[{"embeddable":true,"href":"https:\/\/lagoritom.ch\/de\/wp-json\/wp\/v2\/comments?post=128"}],"version-history":[{"count":21,"href":"https:\/\/lagoritom.ch\/de\/wp-json\/wp\/v2\/pages\/128\/revisions"}],"predecessor-version":[{"id":2116,"href":"https:\/\/lagoritom.ch\/de\/wp-json\/wp\/v2\/pages\/128\/revisions\/2116"}],"wp:attachment":[{"href":"https:\/\/lagoritom.ch\/de\/wp-json\/wp\/v2\/media?parent=128"}],"curies":[{"name":"wp","href":"https:\/\/api.w.org\/{rel}","templated":true}]}}