{"id":136,"date":"2016-12-29T19:42:23","date_gmt":"2016-12-29T19:42:23","guid":{"rendered":"http:\/\/www.studio-mic.it\/lagoritom\/?page_id=136"},"modified":"2017-04-19T21:01:18","modified_gmt":"2017-04-19T21:01:18","slug":"ristorante","status":"publish","type":"page","link":"https:\/\/lagoritom.ch\/de\/ristorante\/","title":{"rendered":"En guete &#8211; Guten Appetit"},"content":{"rendered":"<div id='gallery-1' class='gallery galleryid-136 gallery-columns-4 gallery-size-thumbnail'><figure class='gallery-item'>\n\t\t\t<div class='gallery-icon landscape'>\n\t\t\t\t<img loading=\"lazy\" decoding=\"async\" width=\"150\" height=\"150\" src=\"https:\/\/lagoritom.ch\/wp-content\/uploads\/2016\/12\/minestrone-150x150-2.jpg\" class=\"attachment-thumbnail size-thumbnail\" alt=\"\" \/>\n\t\t\t<\/div><\/figure><figure class='gallery-item'>\n\t\t\t<div class='gallery-icon landscape'>\n\t\t\t\t<img loading=\"lazy\" decoding=\"async\" width=\"150\" height=\"150\" src=\"https:\/\/lagoritom.ch\/wp-content\/uploads\/2016\/12\/insalata-mista-150x150-2.jpg\" class=\"attachment-thumbnail size-thumbnail\" alt=\"\" \/>\n\t\t\t<\/div><\/figure><figure class='gallery-item'>\n\t\t\t<div class='gallery-icon landscape'>\n\t\t\t\t<img loading=\"lazy\" decoding=\"async\" width=\"150\" height=\"150\" src=\"https:\/\/lagoritom.ch\/wp-content\/uploads\/2016\/12\/Penne-150x150-2.jpg\" class=\"attachment-thumbnail size-thumbnail\" alt=\"\" \/>\n\t\t\t<\/div><\/figure><figure class='gallery-item'>\n\t\t\t<div class='gallery-icon landscape'>\n\t\t\t\t<img loading=\"lazy\" decoding=\"async\" width=\"150\" height=\"150\" src=\"https:\/\/lagoritom.ch\/wp-content\/uploads\/2016\/12\/Affettato-150x150-2.jpg\" class=\"attachment-thumbnail size-thumbnail\" alt=\"\" \/>\n\t\t\t<\/div><\/figure>\n\t\t<\/div>\n\n<p>Auf unserer sonnigen Panorama-Terrasse und in unserem Restaurant werden warme und kalte Gerichte \u00fcber den ganzen Tag\u00a0 serviert. Unsere Karte wird regelm\u00e4ssig mit neuen Tessiner Spezialit\u00e4ten erneuert, und unser Keller bietet eine gute Auswahl an offene Weine und an Merlot Flaschenweine an. Die Terrasse verf\u00fcgt \u00fcber 50 Pl\u00e4tze und Restaurant \u00fcber 75 Pl\u00e4tze.<\/p>\n<p>MENU FUER GRUPPEN AUF ANFRAGE<\/p>\n<p style=\"text-align: left;\">Einige Gerichte aus unserer Karte sind&#8230;Tessiner Kalte Platte, Vegetarische Pfannkuchen, Hausgemachte Lasagne, Sommersalate, Minestrone, Rindschmorbraten mit Pilzen, Voressen an Merlotsauce, Risotto mit Luganighetta, Piora Alpk\u00e4se, und verschiede hausgemachte Desserts. &#8230;<em>Buon appetito<\/em>&#8230;<\/p>\n<div id='gallery-2' class='gallery galleryid-136 gallery-columns-4 gallery-size-thumbnail'><figure class='gallery-item'>\n\t\t\t<div class='gallery-icon landscape'>\n\t\t\t\t<img loading=\"lazy\" decoding=\"async\" width=\"150\" height=\"150\" src=\"https:\/\/lagoritom.ch\/wp-content\/uploads\/2016\/12\/boccalino-e-merlot-150x150-2.jpg\" class=\"attachment-thumbnail size-thumbnail\" alt=\"\" \/>\n\t\t\t<\/div><\/figure><figure class='gallery-item'>\n\t\t\t<div class='gallery-icon landscape'>\n\t\t\t\t<img loading=\"lazy\" decoding=\"async\" width=\"150\" height=\"150\" src=\"https:\/\/lagoritom.ch\/wp-content\/uploads\/2016\/12\/stinco-150x150-2.jpg\" class=\"attachment-thumbnail size-thumbnail\" alt=\"\" \/>\n\t\t\t<\/div><\/figure><figure class='gallery-item'>\n\t\t\t<div class='gallery-icon landscape'>\n\t\t\t\t<img loading=\"lazy\" decoding=\"async\" width=\"150\" height=\"150\" src=\"https:\/\/lagoritom.ch\/wp-content\/uploads\/2016\/12\/strudel1-150x150-2.jpg\" class=\"attachment-thumbnail size-thumbnail\" alt=\"\" \/>\n\t\t\t<\/div><\/figure><figure class='gallery-item'>\n\t\t\t<div class='gallery-icon landscape'>\n\t\t\t\t<img loading=\"lazy\" decoding=\"async\" width=\"150\" height=\"150\" src=\"https:\/\/lagoritom.ch\/wp-content\/uploads\/2016\/12\/polenta-e-spezzatino-150x150-2.jpg\" class=\"attachment-thumbnail size-thumbnail\" alt=\"\" \/>\n\t\t\t<\/div><\/figure>\n\t\t<\/div>\n\n","protected":false},"excerpt":{"rendered":"<p>Auf unserer sonnigen Panorama-Terrasse und in unserem Restaurant werden warme und kalte Gerichte \u00fcber den ganzen Tag\u00a0 serviert. Unsere Karte wird regelm\u00e4ssig [&hellip;]<\/p>\n","protected":false},"author":4,"featured_media":0,"parent":0,"menu_order":0,"comment_status":"closed","ping_status":"closed","template":"page-templates\/page_fullwidth.php","meta":{"om_disable_all_campaigns":false,"footnotes":""},"class_list":["post-136","page","type-page","status-publish","hentry"],"translation":{"provider":"WPGlobus","version":"3.0.0","language":"de","enabled_languages":["it","en","de"],"languages":{"it":{"title":true,"content":true,"excerpt":false},"en":{"title":true,"content":true,"excerpt":false},"de":{"title":true,"content":true,"excerpt":false}}},"aioseo_notices":[],"_links":{"self":[{"href":"https:\/\/lagoritom.ch\/de\/wp-json\/wp\/v2\/pages\/136","targetHints":{"allow":["GET"]}}],"collection":[{"href":"https:\/\/lagoritom.ch\/de\/wp-json\/wp\/v2\/pages"}],"about":[{"href":"https:\/\/lagoritom.ch\/de\/wp-json\/wp\/v2\/types\/page"}],"author":[{"embeddable":true,"href":"https:\/\/lagoritom.ch\/de\/wp-json\/wp\/v2\/users\/4"}],"replies":[{"embeddable":true,"href":"https:\/\/lagoritom.ch\/de\/wp-json\/wp\/v2\/comments?post=136"}],"version-history":[{"count":15,"href":"https:\/\/lagoritom.ch\/de\/wp-json\/wp\/v2\/pages\/136\/revisions"}],"predecessor-version":[{"id":1548,"href":"https:\/\/lagoritom.ch\/de\/wp-json\/wp\/v2\/pages\/136\/revisions\/1548"}],"wp:attachment":[{"href":"https:\/\/lagoritom.ch\/de\/wp-json\/wp\/v2\/media?parent=136"}],"curies":[{"name":"wp","href":"https:\/\/api.w.org\/{rel}","templated":true}]}}