{"id":164,"date":"2016-12-29T19:46:38","date_gmt":"2016-12-29T19:46:38","guid":{"rendered":"http:\/\/www.studio-mic.it\/lagoritom\/?page_id=164"},"modified":"2026-01-19T10:21:04","modified_gmt":"2026-01-19T10:21:04","slug":"in-auto","status":"publish","type":"page","link":"https:\/\/lagoritom.ch\/de\/in-auto\/","title":{"rendered":"Mit dem Auto"},"content":{"rendered":"<p><span lang=\"EN-US\">Autobahn A2, Ausfahrt &#8220;Quinto&#8221;. Von Norden bei der Ausfahrt links, von S\u00fcden nach rechts fahren, nach ca. 800 m. rechts fahren Richtung &#8220;Deggio\/Altanca&#8221;. Vor dem Dorf Altanca f\u00e4hrt eine einspurige 5km lange Strasse zum Ritom See (Richtung Lago Ritom fahren). Ein Parkplatz steht unseren G\u00e4sten beim Rifugio gratis zur Verf\u00fcgung.<br \/>\nFalls Sie von Airolo auf der Kantonalstrasse fahren, vor dem Dorfeingang in Piotta bei der roten Autobahnrastst\u00e4tte nach links \u00fcber die Autobahn fahren, und dann weiter Richtung Altanca.<\/span><\/p>\n<p>AB DEM 1. SEPTEMBER 2026 DIE STRASSE ZUM RITOM SEE WIRD AB ALTANCA GESCHLOSSEN SEIN.<\/p>\n<p><strong>Km 150<\/strong> von Z\u00fcrich und Mailand<br \/>\n<strong>Km 100<\/strong> von Luzern, Como e Varese<br \/>\n<strong>Km 80<\/strong> von Lugano und Locarno<br \/>\n<iframe loading=\"lazy\" style=\"border: 0px currentColor;\" src=\"https:\/\/www.google.com\/maps\/embed?pb=!1m14!1m12!1m3!1d43910.57494689556!2d8.695048462810732!3d46.5395572740223!2m3!1f0!2f0!3f0!3m2!1i1024!2i768!4f13.1!5e0!3m2!1sde!2sus!4v1484739286648\" width=\"400\" height=\"300\" frameborder=\"0\" allowfullscreen=\"allowfullscreen\"><\/iframe><\/p>\n<div id='gallery-1' class='gallery galleryid-164 gallery-columns-2 gallery-size-full'><figure class='gallery-item'>\n\t\t\t<div class='gallery-icon '>\n\t\t\t\t\n\t\t\t<\/div><\/figure><figure class='gallery-item'>\n\t\t\t<div class='gallery-icon '>\n\t\t\t\t\n\t\t\t<\/div><\/figure>\n\t\t<\/div>\n\n","protected":false},"excerpt":{"rendered":"<p>Autobahn A2, Ausfahrt &#8220;Quinto&#8221;. Von Norden bei der Ausfahrt links, von S\u00fcden nach rechts fahren, nach ca. 800 m. rechts fahren Richtung [&hellip;]<\/p>\n","protected":false},"author":4,"featured_media":0,"parent":0,"menu_order":0,"comment_status":"closed","ping_status":"closed","template":"page-templates\/page_fullwidth.php","meta":{"om_disable_all_campaigns":false,"footnotes":""},"class_list":["post-164","page","type-page","status-publish","hentry"],"translation":{"provider":"WPGlobus","version":"3.0.0","language":"de","enabled_languages":["it","en","de"],"languages":{"it":{"title":true,"content":true,"excerpt":false},"en":{"title":true,"content":true,"excerpt":false},"de":{"title":true,"content":true,"excerpt":false}}},"aioseo_notices":[],"_links":{"self":[{"href":"https:\/\/lagoritom.ch\/de\/wp-json\/wp\/v2\/pages\/164","targetHints":{"allow":["GET"]}}],"collection":[{"href":"https:\/\/lagoritom.ch\/de\/wp-json\/wp\/v2\/pages"}],"about":[{"href":"https:\/\/lagoritom.ch\/de\/wp-json\/wp\/v2\/types\/page"}],"author":[{"embeddable":true,"href":"https:\/\/lagoritom.ch\/de\/wp-json\/wp\/v2\/users\/4"}],"replies":[{"embeddable":true,"href":"https:\/\/lagoritom.ch\/de\/wp-json\/wp\/v2\/comments?post=164"}],"version-history":[{"count":41,"href":"https:\/\/lagoritom.ch\/de\/wp-json\/wp\/v2\/pages\/164\/revisions"}],"predecessor-version":[{"id":2121,"href":"https:\/\/lagoritom.ch\/de\/wp-json\/wp\/v2\/pages\/164\/revisions\/2121"}],"wp:attachment":[{"href":"https:\/\/lagoritom.ch\/de\/wp-json\/wp\/v2\/media?parent=164"}],"curies":[{"name":"wp","href":"https:\/\/api.w.org\/{rel}","templated":true}]}}