{"id":238,"date":"2017-01-15T10:58:06","date_gmt":"2017-01-15T10:58:06","guid":{"rendered":"http:\/\/lagoritom.ch\/nuovo_sito\/?page_id=238"},"modified":"2017-04-19T20:34:16","modified_gmt":"2017-04-19T20:34:16","slug":"pernottamento","status":"publish","type":"page","link":"https:\/\/lagoritom.ch\/de\/pernottamento\/","title":{"rendered":"AUSFLUGSTIPPS MIT UEBERNACHTUNG"},"content":{"rendered":"<p style=\"text-align: left;\">Dank seiner Vielf\u00e4ltigkeit, seinen Bergseen und seiner unber\u00fchrten Naturlandschaft ist das Val Piora ein beliebtes Auflugziel in einer der sch\u00f6nsten Regionen der Tessiner Bergwelt.<\/p>\n<p style=\"text-align: left;\">Wir haben folgende 2-t\u00e4gige Ausflugstipps mit Uebernachtung zusammengestellt. Bei Fragen stehen wir gerne zu Ihrer Verf\u00fcgung.<\/p>\n<p style=\"text-align: left;\">AUSFLUGSTIPP 1 \u2013 WANDERUNG AUS AIROLO<\/p>\n<p style=\"text-align: left;\"><strong>Tag 1<\/strong><br \/>\n-Anreise mit dem Zug nach Airolo (Fahrplan unter <a href=\"http:\/\/fahrplan.sbb.ch\/bin\/query.exe\/in\" target=\"_blank\"><strong>www.sbb.ch<\/strong><\/a>).<br \/>\n-Wanderung ab Airolo-Bahnhof zum Ritom See: ca. 3.5 Std. (via Rifugio F\u00f6isc ca. 4.5 Std.). Bitte siehe Karte unter das Menu \u201cAUSFLUEGE\u201d.<br \/>\n-Nachtessen und Ubernachtung im Rifugio in 2er bis 4er Zimmer (Bettw\u00e4sche und Hausschuhe vorhanden, Frottierw\u00e4sche mitnehmen).<\/p>\n<p style=\"text-align: center;\"><img loading=\"lazy\" decoding=\"async\" class=\"aligncenter wp-image-508\" src=\"http:\/\/lagoritom.ch\/nuovo_sito\/wp-content\/uploads\/2017\/01\/airolo-ritom-2-1-1024x402.jpg\" alt=\"\" width=\"683\" height=\"268\" \/><\/p>\n<p style=\"text-align: left;\"><strong>Tag 2<\/strong><\/p>\n<p style=\"text-align: left;\">Wanderungsm\u00f6glichkeiten (bitte siehe auch die Karten unter das Menu \u201cAUSFLUEGE\u201d):<\/p>\n<p style=\"text-align: left;\">1. Dreiseenwanderung (Tom-, Cadagno-, Ritomsee), Marschzeit ca. 3 Std.<\/p>\n<p style=\"text-align: left;\">2. Blumenwegwanderung, Marschzeit ca. 4 Std.<\/p>\n<p style=\"text-align: left;\">3. Rundseewanderung Ritom See, Marschzeit ca. 2 Std.<\/p>\n<p style=\"text-align: center;\"><img loading=\"lazy\" decoding=\"async\" class=\"aligncenter wp-image-510\" src=\"http:\/\/lagoritom.ch\/nuovo_sito\/wp-content\/uploads\/2017\/01\/Gite-gruppi-830x441.jpg\" alt=\"\" width=\"674\" height=\"358\" \/><\/p>\n<p style=\"text-align: left;\">-Danach Fahrt mit der Ritom-Standseilbahn zur Talstation in Piotta (Bergstation 20 Gehminuten entfernt).<br \/>\n-Mit dem Postauto ab der Ritombahn-Talstation (je nach Postautofahrplan) oder ab der Haltestelle Piotta Posta (10 Minuten von der Ritombahn-Talstation entfernt) nach Airolo-Bahnhof.<\/p>\n<h4 style=\"text-align: left;\"><\/h4>\n<h4 style=\"text-align: left;\">AUSFLUGSTIPP 2 \u2013 ZUSTIEG MIT DER RITOM BAHN<\/h4>\n<p style=\"text-align: left;\"><strong>Tag 1<\/strong><br \/>\n-Anreise mit dem Zug nach Airolo.<br \/>\n-Fahrt mit dem Postauto ab Airolo-Bahnfhof nach Piotta (Haltestelle Piotta Posta) und 10minutiger Spaziergang zur Ritombahn (1007 m).<br \/>\n-Danach mit der Ritom-Standseilbahn hinauf zur Bergstation (Stazione Piora, 1794 m).<br \/>\n-Wanderung zum Rifugio (20 Gehminuten von Stazione Piora) und Rucksackdepot im Rifugio<\/p>\n<p style=\"text-align: left;\"><img loading=\"lazy\" decoding=\"async\" class=\"aligncenter wp-image-1221 \" src=\"http:\/\/lagoritom.ch\/nuovo_sito\/wp-content\/uploads\/2017\/01\/airolo-ritom-tipp-2-gruppi.jpg\" width=\"689\" height=\"351\" \/><\/p>\n<p style=\"text-align: left;\">Wanderungsm\u00f6glichkeiten ab dem Rifugio nach der Ankunft (bitte siehe auch die Karten unter das Menu \u201cAUSFLUEGE\u201d)<br \/>\n1. Dreiseenwanderung, Tom-, Cadagno- und Ritomsee (ca. 3 Std.)<br \/>\n2. Blumenwegwanderung (ca. 4 Std.)<\/p>\n<p style=\"text-align: center;\"><img loading=\"lazy\" decoding=\"async\" class=\"aligncenter wp-image-510\" src=\"http:\/\/lagoritom.ch\/nuovo_sito\/wp-content\/uploads\/2017\/01\/Gite-gruppi-830x441.jpg\" alt=\"\" width=\"674\" height=\"358\" \/><\/p>\n<p style=\"text-align: left;\">-Nachtessen und Ubernachtung im Rifugio in 2er bis 4er Zimmer (Bettw\u00e4sche und Hausschuhe vorhanden, Frottierw\u00e4sche mitnehmen)<\/p>\n<p style=\"text-align: left;\"><strong>Tag 2<\/strong><\/p>\n<p style=\"text-align: left;\">Waderungsm\u00f6glichkeiten nach dem Fr\u00fchst\u00fcck:<\/p>\n<p style=\"text-align: left;\">A. Wanderung nach Airolo-Bahnhof, Marschzeit ca. 3 Std.<\/p>\n<p style=\"text-align: center;\"><img loading=\"lazy\" decoding=\"async\" class=\"aligncenter wp-image-508\" src=\"http:\/\/lagoritom.ch\/nuovo_sito\/wp-content\/uploads\/2017\/01\/airolo-ritom-2-1-1024x402.jpg\" alt=\"\" width=\"683\" height=\"268\" \/><\/p>\n<p style=\"text-align: left;\">B. Wanderung zum Lukmanierpass, ca. 4 Std.<\/p>\n<p style=\"text-align: left;\">-Mit dem Postauto weiter nach Biasca-Bahnhof oder Disentis-Bahnhof (Fahrplan unter <a href=\"http:\/\/fahrplan.sbb.ch\/bin\/query.exe\/in\" target=\"_blank\"><strong>www.sbb.ch<\/strong><\/a>)<br \/>\n-Bitte siehe Wanderkarten unter das Men\u00fc \u201cAUSFLUEGE\u201d<\/p>\n<p style=\"text-align: center;\"><img loading=\"lazy\" decoding=\"async\" class=\"aligncenter size-full wp-image-512\" src=\"http:\/\/lagoritom.ch\/nuovo_sito\/wp-content\/uploads\/2017\/01\/Ritom-Lucomagno-Passo-uomo-830x384.jpg\" alt=\"\" width=\"830\" height=\"384\" \/><\/p>\n<h3 style=\"text-align: center;\">Allgemeines<\/h3>\n<ol>\n<li style=\"text-align: left;\">F\u00fcr Ausk\u00fcnfte oder eine unberbindliche Offerte stehen wir gerne zur Ihrer Verf\u00fcgung (Tel. 091 868 14 24 oder per Email an contact@lagoritom.ch; wir sprechen Deutsch).<\/li>\n<li style=\"text-align: left;\">Landeskarte 1252 Ambri-Piotta 1:25.000 oder Landekarte 266 Valle Leventina 1:50.000<\/li>\n<li style=\"text-align: left;\">Der Witterung angepasste Kleider und Schuhe erforderlich (gute Wanderschuhe, warme Kleider, Hut, Sonnenbrille, Sonnenschutz, Regenschutz)<br \/>\nMarschtee und Lunchpaket kann vorbereitet werden (Thermosflasche mitnehmen)<\/li>\n<li style=\"text-align: left;\">34 Schlafpl\u00e4tze in 2er, 3er und 4er Zimmer<\/li>\n<li style=\"text-align: left;\">Limitierter Mobile-Telefonempfang (Swisscom) beim Rifugio; Kein Empfang im Piora Tal<\/li>\n<li style=\"text-align: left;\">Gratis Internetzugang im Rifugio<\/li>\n<\/ol>\n<p>&nbsp;<\/p>\n<h5 style=\"text-align: center;\">M\u00e4nnerriegen &#8211; Feuerwehrverein &#8211; Turnverein &#8211; Schulreise &#8211; Musikverein &#8211; Damenriegen &#8211; Firmenreisen &#8211; Reiseunternehmen<\/h5>\n","protected":false},"excerpt":{"rendered":"<p>Dank seiner Vielf\u00e4ltigkeit, seinen Bergseen und seiner unber\u00fchrten Naturlandschaft ist das Val Piora ein beliebtes Auflugziel in einer der sch\u00f6nsten Regionen der [&hellip;]<\/p>\n","protected":false},"author":4,"featured_media":0,"parent":0,"menu_order":0,"comment_status":"closed","ping_status":"closed","template":"page-templates\/page_fullwidth.php","meta":{"om_disable_all_campaigns":false,"footnotes":""},"class_list":["post-238","page","type-page","status-publish","hentry"],"translation":{"provider":"WPGlobus","version":"3.0.0","language":"de","enabled_languages":["it","en","de"],"languages":{"it":{"title":true,"content":true,"excerpt":false},"en":{"title":true,"content":true,"excerpt":false},"de":{"title":true,"content":true,"excerpt":false}}},"aioseo_notices":[],"_links":{"self":[{"href":"https:\/\/lagoritom.ch\/de\/wp-json\/wp\/v2\/pages\/238","targetHints":{"allow":["GET"]}}],"collection":[{"href":"https:\/\/lagoritom.ch\/de\/wp-json\/wp\/v2\/pages"}],"about":[{"href":"https:\/\/lagoritom.ch\/de\/wp-json\/wp\/v2\/types\/page"}],"author":[{"embeddable":true,"href":"https:\/\/lagoritom.ch\/de\/wp-json\/wp\/v2\/users\/4"}],"replies":[{"embeddable":true,"href":"https:\/\/lagoritom.ch\/de\/wp-json\/wp\/v2\/comments?post=238"}],"version-history":[{"count":28,"href":"https:\/\/lagoritom.ch\/de\/wp-json\/wp\/v2\/pages\/238\/revisions"}],"predecessor-version":[{"id":1645,"href":"https:\/\/lagoritom.ch\/de\/wp-json\/wp\/v2\/pages\/238\/revisions\/1645"}],"wp:attachment":[{"href":"https:\/\/lagoritom.ch\/de\/wp-json\/wp\/v2\/media?parent=238"}],"curies":[{"name":"wp","href":"https:\/\/api.w.org\/{rel}","templated":true}]}}