{"id":242,"date":"2017-01-15T11:01:32","date_gmt":"2017-01-15T11:01:32","guid":{"rendered":"http:\/\/lagoritom.ch\/nuovo_sito\/?page_id=242"},"modified":"2017-04-19T20:35:11","modified_gmt":"2017-04-19T20:35:11","slug":"passeggiata-lago-ritom","status":"publish","type":"page","link":"https:\/\/lagoritom.ch\/de\/passeggiata-lago-ritom\/","title":{"rendered":"Wanderungstipp f\u00fcr Familien mit Kindern"},"content":{"rendered":"<p style=\"text-align: left;\">Sie k\u00f6nnen diese wundersch\u00f6ne Wanderung um den Ritomsee ab der Bergstation der Ritombahn oder bei unserem Berghaus (Parkpl\u00e4tze verf\u00fcgbar) starten. Im L\u00e4rchenwald auf dem Naturlehrpfad (gelb markiert) am rechten Seeufer sind verschiedene Tafeln vorhanden, welche Informationen \u00fcber die Region, die Flora und Fauna geben. Die Wanderung ist ab ca. Mitte Juni m\u00f6glich (auf dem Naturlehrpfad -gelb markiert- k\u00f6nnte je nach Schneeschmelze bis ca. Mitte Juni noch Schnee liegen). Ideal f\u00fcr einen Tagesausflug oder mit einer Uebernachtung kombinierbar.<\/p>\n<p style=\"text-align: center;\"><img loading=\"lazy\" decoding=\"async\" class=\"aligncenter wp-image-522 \" src=\"http:\/\/lagoritom.ch\/nuovo_sito\/wp-content\/uploads\/2017\/01\/Ritom20See20GIRO20leggera-1-1024x680.jpg\" width=\"693\" height=\"460\" \/><\/p>\n<p style=\"text-align: center;\"><img loading=\"lazy\" decoding=\"async\" class=\"aligncenter wp-image-521\" src=\"http:\/\/lagoritom.ch\/nuovo_sito\/wp-content\/uploads\/2017\/01\/Giro-lago-ritom-2-1024x487.jpg\" alt=\"\" width=\"732\" height=\"348\" \/><\/p>\n<p style=\"text-align: center;\"><img loading=\"lazy\" decoding=\"async\" class=\"aligncenter wp-image-520\" src=\"http:\/\/lagoritom.ch\/nuovo_sito\/wp-content\/uploads\/2017\/01\/Dettagli-Lago-Ritom.png\" alt=\"\" width=\"735\" height=\"455\" \/><\/p>\n","protected":false},"excerpt":{"rendered":"<p>Sie k\u00f6nnen diese wundersch\u00f6ne Wanderung um den Ritomsee ab der Bergstation der Ritombahn oder bei unserem Berghaus (Parkpl\u00e4tze verf\u00fcgbar) starten. Im L\u00e4rchenwald [&hellip;]<\/p>\n","protected":false},"author":4,"featured_media":0,"parent":0,"menu_order":0,"comment_status":"closed","ping_status":"closed","template":"page-templates\/page_fullwidth.php","meta":{"om_disable_all_campaigns":false,"footnotes":""},"class_list":["post-242","page","type-page","status-publish","hentry"],"translation":{"provider":"WPGlobus","version":"3.0.0","language":"de","enabled_languages":["it","en","de"],"languages":{"it":{"title":true,"content":true,"excerpt":false},"en":{"title":true,"content":true,"excerpt":false},"de":{"title":true,"content":true,"excerpt":false}}},"aioseo_notices":[],"_links":{"self":[{"href":"https:\/\/lagoritom.ch\/de\/wp-json\/wp\/v2\/pages\/242","targetHints":{"allow":["GET"]}}],"collection":[{"href":"https:\/\/lagoritom.ch\/de\/wp-json\/wp\/v2\/pages"}],"about":[{"href":"https:\/\/lagoritom.ch\/de\/wp-json\/wp\/v2\/types\/page"}],"author":[{"embeddable":true,"href":"https:\/\/lagoritom.ch\/de\/wp-json\/wp\/v2\/users\/4"}],"replies":[{"embeddable":true,"href":"https:\/\/lagoritom.ch\/de\/wp-json\/wp\/v2\/comments?post=242"}],"version-history":[{"count":14,"href":"https:\/\/lagoritom.ch\/de\/wp-json\/wp\/v2\/pages\/242\/revisions"}],"predecessor-version":[{"id":1571,"href":"https:\/\/lagoritom.ch\/de\/wp-json\/wp\/v2\/pages\/242\/revisions\/1571"}],"wp:attachment":[{"href":"https:\/\/lagoritom.ch\/de\/wp-json\/wp\/v2\/media?parent=242"}],"curies":[{"name":"wp","href":"https:\/\/api.w.org\/{rel}","templated":true}]}}