{"id":4,"date":"2017-01-10T21:09:44","date_gmt":"2017-01-10T21:09:44","guid":{"rendered":"http:\/\/lagoritom.ch\/nuovo_sito\/index.php\/home\/"},"modified":"2025-02-14T07:12:25","modified_gmt":"2025-02-14T07:12:25","slug":"home","status":"publish","type":"page","link":"https:\/\/lagoritom.ch\/de\/","title":{"rendered":"Gr\u00fcezi &#8211; Willkommen im Berghaus Lago Ritom"},"content":{"rendered":"<p style=\"text-align: left;\"><span lang=\"EN-US\">Das Berghaus Lago Ritom befindet sich inmitten der Tessiner Alpen, im wundersch\u00f6nen Piora Tal. Unser Haus liegt direkt am Ritom See auf 1850 M. H\u00f6he, 20 Gehminuten von der Bergstation der Ritombahn, und bietet ein\u00a0 famili\u00e4res und freundliches Tessiner-Ambiente.<br \/>\nAuf unserer Panorama-Terrasse oder im gem\u00fctlichen Restaurant werden Sie unsere Tessiner-Spezialit\u00e4ten mit einem guten Merlot Wein geniessen. <\/span><span lang=\"EN-US\">Wir verf\u00fcgen \u00fcber einfache 2er, 3er und 4-er Zimmer (Total 34 Betten) zur Privatbenutzung. Unsere Lage bietet sich als idealer Ausgangspunkt f\u00fcr wunderbare Ausfl\u00fcge zu Fuss oder mit dem Mountainbike. Wir beraten Sie gerne \u00fcber den geeigneten Wanderweg f\u00fcr Ihren Ausflug in unserer Region (Wanderer, Familien, Vereine, Gruppen, Schulen). Wir sind <strong>ab Mai bis Oktober<\/strong> ge\u00f6ffnet. <\/span><\/p>\n<p style=\"text-align: left;\"><span lang=\"EN-US\">Familie L.+ Y. Canonica &#8211; Tel. +41 (0) 79 716 12 84<br \/>\n<\/span><\/p>\n<h6 style=\"text-align: left;\"><\/h6>\n<h5 style=\"text-align: left;\"><a href=\"https:\/\/app.thebookingbutton.com\/properties\/rifugiolagoritomdirect?locale=de&amp;check_in_date=26-08-2017&amp;check_out_date=27-08-2017&amp;number_adults=2\" target=\"_blank\" rel=\"noopener noreferrer\">BUCHEN<\/a><\/h5>\n<p><a href=\"https:\/\/app.thebookingbutton.com\/properties\/rifugiolagoritomdirect?locale=de&amp;check_in_date=26-08-2017&amp;check_out_date=27-08-2017&amp;number_adults=2\" target=\"_blank\" rel=\"noopener noreferrer\"><img loading=\"lazy\" decoding=\"async\" class=\"alignleft wp-image-1883 size-full\" src=\"http:\/\/lagoritom.ch\/nuovo_sito\/wp-content\/uploads\/2017\/01\/ted.png\" alt=\"\" width=\"920\" height=\"79\" srcset=\"https:\/\/lagoritom.ch\/wp-content\/uploads\/2017\/01\/ted.png 920w, https:\/\/lagoritom.ch\/wp-content\/uploads\/2017\/01\/ted-300x26.png 300w, https:\/\/lagoritom.ch\/wp-content\/uploads\/2017\/01\/ted-768x66.png 768w, https:\/\/lagoritom.ch\/wp-content\/uploads\/2017\/01\/ted-830x71.png 830w, https:\/\/lagoritom.ch\/wp-content\/uploads\/2017\/01\/ted-230x20.png 230w, https:\/\/lagoritom.ch\/wp-content\/uploads\/2017\/01\/ted-350x30.png 350w, https:\/\/lagoritom.ch\/wp-content\/uploads\/2017\/01\/ted-480x41.png 480w\" sizes=\"auto, (max-width: 920px) 100vw, 920px\" \/><\/a><\/p>\n","protected":false},"excerpt":{"rendered":"<p>Das Berghaus Lago Ritom befindet sich inmitten der Tessiner Alpen, im wundersch\u00f6nen Piora Tal. Unser Haus liegt direkt am Ritom See auf [&hellip;]<\/p>\n","protected":false},"author":4,"featured_media":0,"parent":0,"menu_order":0,"comment_status":"closed","ping_status":"closed","template":"page-templates\/page_fullwidth.php","meta":{"om_disable_all_campaigns":false,"footnotes":""},"class_list":["post-4","page","type-page","status-publish","hentry"],"translation":{"provider":"WPGlobus","version":"3.0.0","language":"de","enabled_languages":["it","en","de"],"languages":{"it":{"title":true,"content":true,"excerpt":false},"en":{"title":true,"content":true,"excerpt":false},"de":{"title":true,"content":true,"excerpt":false}}},"aioseo_notices":[],"_links":{"self":[{"href":"https:\/\/lagoritom.ch\/de\/wp-json\/wp\/v2\/pages\/4","targetHints":{"allow":["GET"]}}],"collection":[{"href":"https:\/\/lagoritom.ch\/de\/wp-json\/wp\/v2\/pages"}],"about":[{"href":"https:\/\/lagoritom.ch\/de\/wp-json\/wp\/v2\/types\/page"}],"author":[{"embeddable":true,"href":"https:\/\/lagoritom.ch\/de\/wp-json\/wp\/v2\/users\/4"}],"replies":[{"embeddable":true,"href":"https:\/\/lagoritom.ch\/de\/wp-json\/wp\/v2\/comments?post=4"}],"version-history":[{"count":70,"href":"https:\/\/lagoritom.ch\/de\/wp-json\/wp\/v2\/pages\/4\/revisions"}],"predecessor-version":[{"id":2107,"href":"https:\/\/lagoritom.ch\/de\/wp-json\/wp\/v2\/pages\/4\/revisions\/2107"}],"wp:attachment":[{"href":"https:\/\/lagoritom.ch\/de\/wp-json\/wp\/v2\/media?parent=4"}],"curies":[{"name":"wp","href":"https:\/\/api.w.org\/{rel}","templated":true}]}}