{"id":53,"date":"2016-12-29T19:27:22","date_gmt":"2016-12-29T19:27:22","guid":{"rendered":"http:\/\/www.studio-mic.it\/lagoritom\/?page_id=47"},"modified":"2017-04-21T17:03:38","modified_gmt":"2017-04-21T17:03:38","slug":"val-piora","status":"publish","type":"page","link":"https:\/\/lagoritom.ch\/de\/val-piora\/","title":{"rendered":"Das Piora Tal"},"content":{"rendered":"<div id='gallery-1' class='gallery galleryid-53 gallery-columns-3 gallery-size-thumbnail'><figure class='gallery-item'>\n\t\t\t<div class='gallery-icon landscape'>\n\t\t\t\t<img loading=\"lazy\" decoding=\"async\" width=\"150\" height=\"150\" src=\"https:\/\/lagoritom.ch\/wp-content\/uploads\/2016\/12\/1-1.jpg\" class=\"attachment-thumbnail size-thumbnail\" alt=\"\" \/>\n\t\t\t<\/div><\/figure><figure class='gallery-item'>\n\t\t\t<div class='gallery-icon landscape'>\n\t\t\t\t<img loading=\"lazy\" decoding=\"async\" width=\"150\" height=\"150\" src=\"https:\/\/lagoritom.ch\/wp-content\/uploads\/2016\/12\/2-1.jpg\" class=\"attachment-thumbnail size-thumbnail\" alt=\"\" \/>\n\t\t\t<\/div><\/figure><figure class='gallery-item'>\n\t\t\t<div class='gallery-icon landscape'>\n\t\t\t\t<img loading=\"lazy\" decoding=\"async\" width=\"150\" height=\"150\" src=\"https:\/\/lagoritom.ch\/wp-content\/uploads\/2016\/12\/3-1.jpg\" class=\"attachment-thumbnail size-thumbnail\" alt=\"\" \/>\n\t\t\t<\/div><\/figure>\n\t\t<\/div>\n\n<h3 style=\"text-align: center;\"><\/h3>\n<figure id=\"attachment_373\" aria-describedby=\"caption-attachment-373\" style=\"width: 768px\" class=\"wp-caption aligncenter\"><img loading=\"lazy\" decoding=\"async\" class=\"wp-image-373\" src=\"http:\/\/lagoritom.ch\/nuovo_sito\/wp-content\/uploads\/2017\/01\/Autunno-enzo-1024x627.jpg\" width=\"768\" height=\"470\" \/><figcaption id=\"caption-attachment-373\" class=\"wp-caption-text\">Ritom und Cadagno See im Herbst<\/figcaption><\/figure>\n<p style=\"text-align: left;\">Inmitten der herrlichen Tessiner Alpen liegt das Val Piora, als Hochtal \u00fcber der Leventina. Bekannt ist das Tal vor allem durch den k\u00fcnstlichen aufgestauten Ritomsee und der Ritomstandseilbahn, einer der steilsten Bahnen der Welt. Der besondere Charakter dieses Naturschutzgebietes ist gepr\u00e4gt von den vielen kleinen und kleinsten Seen, den blumenreichen Bergwiesen und Weiden sowie von Bergw\u00e4ldern, kleinen Mooren und majest\u00e4tischen Gipfeln . Ber\u00fchmt ist auch der Piora-K\u00e4se wegen seines w\u00fcrzigen\u00a0 Geschmacks. Gut signalisierte Wanderwege f\u00fchren durch eine abwechslungsreiche und unber\u00fchrte Natur. Ein wahres Paradies f\u00fcr Wanderer!<\/p>\n<p>Das Tal ist auf 1850-2200 M. H\u00f6he gelegen, misst ca. 8 Km in der L\u00e4nge und mit seinen 23 Kmq ist es die gr\u00f6sste Alpengegend des Kantons Tessin.<br \/>\nDas Tal z\u00e4hlt 28 Bergseen. Die Hauptseen sind der Ritom, der Tom und der Cadagno See, welche Sie sehr leicht zu Fuss erreichen k\u00f6nnen.<\/p>\n<p>Das Weideland ist reich an verschiedene botanische Rarit\u00e4ten. Von Juni bis August wandelt sich das ganze Tal in einem einzigartigen Berggarten mit Tausend Farben und Aromen um.<\/p>\n<p>In der Region \u00fcberrascht auch die Geologie auf Schritt und Tritt. Abgesehen von Schiefer und solidem Gneis findet man den sogenannten Zuckerdolomit. Er offenbart sich in der Naehe vom Lago Tom (See) prominent und strahlend weiss.<\/p>\n<p style=\"text-align: center;\"><img loading=\"lazy\" decoding=\"async\" class=\"aligncenter size-full wp-image-375\" src=\"http:\/\/lagoritom.ch\/nuovo_sito\/wp-content\/uploads\/2016\/12\/Val9.jpg\" alt=\"\" width=\"450\" height=\"338\" \/><\/p>\n<p style=\"text-align: center;\">Airolo und das Gotthard Pass<\/p>\n<h6 style=\"text-align: center;\"><\/h6>\n<h6 style=\"text-align: center;\"><\/h6>\n<h6 style=\"text-align: center;\"><\/h6>\n<h6 style=\"text-align: center;\"><\/h6>\n<h6 style=\"text-align: center;\"><\/h6>\n<h6 style=\"text-align: center;\"><\/h6>\n<h6 style=\"text-align: center;\"><\/h6>\n<h6 style=\"text-align: center;\"><\/h6>\n<h6 style=\"text-align: center;\"><\/h6>\n<h6 style=\"text-align: center;\"><\/h6>\n<p>&nbsp;<\/p>\n<p>&nbsp;<\/p>\n<p>&nbsp;<\/p>\n<p style=\"text-align: center;\">\n","protected":false},"excerpt":{"rendered":"<p>Inmitten der herrlichen Tessiner Alpen liegt das Val Piora, als Hochtal \u00fcber der Leventina. Bekannt ist das Tal vor allem durch den [&hellip;]<\/p>\n","protected":false},"author":4,"featured_media":0,"parent":0,"menu_order":0,"comment_status":"closed","ping_status":"closed","template":"page-templates\/page_fullwidth.php","meta":{"om_disable_all_campaigns":false,"footnotes":""},"class_list":["post-53","page","type-page","status-publish","hentry"],"translation":{"provider":"WPGlobus","version":"3.0.0","language":"de","enabled_languages":["it","en","de"],"languages":{"it":{"title":true,"content":true,"excerpt":false},"en":{"title":true,"content":true,"excerpt":false},"de":{"title":true,"content":true,"excerpt":false}}},"aioseo_notices":[],"_links":{"self":[{"href":"https:\/\/lagoritom.ch\/de\/wp-json\/wp\/v2\/pages\/53","targetHints":{"allow":["GET"]}}],"collection":[{"href":"https:\/\/lagoritom.ch\/de\/wp-json\/wp\/v2\/pages"}],"about":[{"href":"https:\/\/lagoritom.ch\/de\/wp-json\/wp\/v2\/types\/page"}],"author":[{"embeddable":true,"href":"https:\/\/lagoritom.ch\/de\/wp-json\/wp\/v2\/users\/4"}],"replies":[{"embeddable":true,"href":"https:\/\/lagoritom.ch\/de\/wp-json\/wp\/v2\/comments?post=53"}],"version-history":[{"count":30,"href":"https:\/\/lagoritom.ch\/de\/wp-json\/wp\/v2\/pages\/53\/revisions"}],"predecessor-version":[{"id":1721,"href":"https:\/\/lagoritom.ch\/de\/wp-json\/wp\/v2\/pages\/53\/revisions\/1721"}],"wp:attachment":[{"href":"https:\/\/lagoritom.ch\/de\/wp-json\/wp\/v2\/media?parent=53"}],"curies":[{"name":"wp","href":"https:\/\/api.w.org\/{rel}","templated":true}]}}