{"id":57,"date":"2016-12-29T19:28:16","date_gmt":"2016-12-29T19:28:16","guid":{"rendered":"http:\/\/www.studio-mic.it\/lagoritom\/?page_id=56"},"modified":"2017-04-19T20:34:16","modified_gmt":"2017-04-19T20:34:16","slug":"la-fauna","status":"publish","type":"page","link":"https:\/\/lagoritom.ch\/de\/la-fauna\/","title":{"rendered":"Die Fauna"},"content":{"rendered":"<p><span lang=\"EN-US\">Das Piora Tal bietet Zuflucht f\u00fcr viele Tierarten. <strong>Murmeltiere, Gemsen, Hirsche, Rehen, Schneehasen, F\u00fcchse, Edelmarder, Schneeh\u00fcner, Birkh\u00fchner und Hermeline<\/strong>, die Sie mit einem bisschen Gl\u00fcck erblicken k\u00f6nnen.<\/span><\/p>\n<p style=\"text-align: left;\"><span lang=\"EN-US\">\u00a0<\/span><\/p>\n<p style=\"text-align: center;\"><img loading=\"lazy\" decoding=\"async\" class=\"aligncenter size-full wp-image-411\" src=\"http:\/\/lagoritom.ch\/nuovo_sito\/wp-content\/uploads\/2016\/12\/F6_Camoscio.jpg\" alt=\"\" width=\"500\" height=\"283\" \/><\/p>\n<p style=\"text-align: left;\"><span lang=\"EN-US\">\u00a0<\/span><\/p>\n<p style=\"text-align: center;\"><img loading=\"lazy\" decoding=\"async\" class=\"aligncenter size-full wp-image-412\" src=\"http:\/\/lagoritom.ch\/nuovo_sito\/wp-content\/uploads\/2016\/12\/F7Birkhahn-grande.jpg\" alt=\"\" width=\"500\" height=\"333\" \/><\/p>\n<p style=\"text-align: center;\"><span style=\"color: #ffffff;\">gfd<\/span><img loading=\"lazy\" decoding=\"async\" class=\"aligncenter size-full wp-image-414\" src=\"http:\/\/lagoritom.ch\/nuovo_sito\/wp-content\/uploads\/2016\/12\/F20stambecchi.jpg\" alt=\"\" width=\"500\" height=\"335\" \/><\/p>\n<p style=\"text-align: center;\"><span style=\"color: #ffffff;\">casa<\/span><\/p>\n<p style=\"text-align: center;\"><img loading=\"lazy\" decoding=\"async\" class=\"aligncenter size-full wp-image-413\" src=\"http:\/\/lagoritom.ch\/nuovo_sito\/wp-content\/uploads\/2016\/12\/F19Rotkehlchen-leicht-von-hint.jpg\" alt=\"\" width=\"500\" height=\"332\" \/><\/p>\n","protected":false},"excerpt":{"rendered":"<p>Das Piora Tal bietet Zuflucht f\u00fcr viele Tierarten. Murmeltiere, Gemsen, Hirsche, Rehen, Schneehasen, F\u00fcchse, Edelmarder, Schneeh\u00fcner, Birkh\u00fchner und Hermeline, die Sie mit [&hellip;]<\/p>\n","protected":false},"author":4,"featured_media":0,"parent":0,"menu_order":0,"comment_status":"closed","ping_status":"closed","template":"page-templates\/page_fullwidth.php","meta":{"om_disable_all_campaigns":false,"footnotes":""},"class_list":["post-57","page","type-page","status-publish","hentry"],"translation":{"provider":"WPGlobus","version":"3.0.0","language":"de","enabled_languages":["it","en","de"],"languages":{"it":{"title":true,"content":true,"excerpt":false},"en":{"title":true,"content":true,"excerpt":false},"de":{"title":true,"content":true,"excerpt":false}}},"aioseo_notices":[],"_links":{"self":[{"href":"https:\/\/lagoritom.ch\/de\/wp-json\/wp\/v2\/pages\/57","targetHints":{"allow":["GET"]}}],"collection":[{"href":"https:\/\/lagoritom.ch\/de\/wp-json\/wp\/v2\/pages"}],"about":[{"href":"https:\/\/lagoritom.ch\/de\/wp-json\/wp\/v2\/types\/page"}],"author":[{"embeddable":true,"href":"https:\/\/lagoritom.ch\/de\/wp-json\/wp\/v2\/users\/4"}],"replies":[{"embeddable":true,"href":"https:\/\/lagoritom.ch\/de\/wp-json\/wp\/v2\/comments?post=57"}],"version-history":[{"count":11,"href":"https:\/\/lagoritom.ch\/de\/wp-json\/wp\/v2\/pages\/57\/revisions"}],"predecessor-version":[{"id":1099,"href":"https:\/\/lagoritom.ch\/de\/wp-json\/wp\/v2\/pages\/57\/revisions\/1099"}],"wp:attachment":[{"href":"https:\/\/lagoritom.ch\/de\/wp-json\/wp\/v2\/media?parent=57"}],"curies":[{"name":"wp","href":"https:\/\/api.w.org\/{rel}","templated":true}]}}