{"id":58,"date":"2016-12-29T19:28:28","date_gmt":"2016-12-29T19:28:28","guid":{"rendered":"http:\/\/www.studio-mic.it\/lagoritom\/?page_id=58"},"modified":"2017-04-19T20:49:04","modified_gmt":"2017-04-19T20:49:04","slug":"il-formaggio-piora","status":"publish","type":"page","link":"https:\/\/lagoritom.ch\/de\/il-formaggio-piora\/","title":{"rendered":"Der Piora Alpk\u00e4se"},"content":{"rendered":"<div id='gallery-1' class='gallery galleryid-58 gallery-columns-3 gallery-size-thumbnail'><figure class='gallery-item'>\n\t\t\t<div class='gallery-icon landscape'>\n\t\t\t\t<img loading=\"lazy\" decoding=\"async\" width=\"145\" height=\"108\" src=\"https:\/\/lagoritom.ch\/wp-content\/uploads\/2016\/12\/FPio1_Campanaccio1_thumb_1-2.jpg\" class=\"attachment-thumbnail size-thumbnail\" alt=\"\" \/>\n\t\t\t<\/div><\/figure><figure class='gallery-item'>\n\t\t\t<div class='gallery-icon landscape'>\n\t\t\t\t<img loading=\"lazy\" decoding=\"async\" width=\"145\" height=\"108\" src=\"https:\/\/lagoritom.ch\/wp-content\/uploads\/2016\/12\/FPio5_Cantina-paolo_thumb_1-2.jpg\" class=\"attachment-thumbnail size-thumbnail\" alt=\"\" \/>\n\t\t\t<\/div><\/figure><figure class='gallery-item'>\n\t\t\t<div class='gallery-icon landscape'>\n\t\t\t\t<img loading=\"lazy\" decoding=\"async\" width=\"145\" height=\"108\" src=\"https:\/\/lagoritom.ch\/wp-content\/uploads\/2016\/12\/FPio9_Cantina8_thumb-2.jpg\" class=\"attachment-thumbnail size-thumbnail\" alt=\"\" \/>\n\t\t\t<\/div><\/figure>\n\t\t<\/div>\n\n<p style=\"text-align: left;\"><span lang=\"IT\"><span lang=\"EN-US\">Das Piora Tal ist auch sehr bekannt f\u00fcr seinen <strong>legend\u00e4ren Piora K\u00e4se<\/strong>, den Sie nicht verpassen d\u00fcrfen! Auf einsamen und weiten Weiden grasen ab Juni die K\u00fche, wo sie gerade m\u00f6gen, und diesen verdanken wir das herrliche Produkt. Die Alpe Piora umfasst das gr\u00f6sste Weidegebiet des Kantons Tessin. Auf 3500 Hektaren grasen ca. 300 Milchk\u00fchen und 200 Rinder. Ein K\u00e4se von weltruf, sagen die Einheimischen stolz.<\/span><\/span><\/p>\n<p>Es werden j\u00e4rlich ca <strong>100\/120 Tonnen<\/strong> produziert, die sofort zu den guten Adressen gelangen. Der stolze Preis von chf. 55.- f\u00fcrs Kilo einj\u00e4hrigen K\u00e4se ist eine lohnende Investition und rundet jeden Ausflug ins Val Piora gelungen ab.<\/p>\n<p style=\"text-align: center;\"><img loading=\"lazy\" decoding=\"async\" class=\"aligncenter size-full wp-image-424\" src=\"http:\/\/lagoritom.ch\/nuovo_sito\/wp-content\/uploads\/2016\/12\/FPio6_Forme-e-spazzola.jpg\" alt=\"\" width=\"520\" height=\"390\" \/><\/p>\n<div id=\"page\" class=\"hfeed site\" style=\"text-align: center;\">\n<p style=\"text-align: left;\"><span lang=\"IT\">Die Alpweiden des Piora Tals:<br \/>\n1. Corte di Piora (+ Carorescio) mit Milchk\u00fchen (max. 250 Stk.)<br \/>\n2.Corte di Tom (+ Pinett) mit Rindern (max. 110\u00a0 Stk.), keine Milchproduktion<br \/>\n3. Corte di Ritom (+ Fontanella e Passo dell\u2019Uomo) mit Rindern und K\u00e4lbern (max. 180 Stk.), keine Milchproduktion<\/span><\/p>\n<div id='gallery-2' class='gallery galleryid-58 gallery-columns-4 gallery-size-thumbnail'><figure class='gallery-item'>\n\t\t\t<div class='gallery-icon landscape'>\n\t\t\t\t<img loading=\"lazy\" decoding=\"async\" width=\"145\" height=\"108\" src=\"https:\/\/lagoritom.ch\/wp-content\/uploads\/2016\/12\/FPio7_Forme-e-grembiule_thumb-2.jpg\" class=\"attachment-thumbnail size-thumbnail\" alt=\"\" \/>\n\t\t\t<\/div><\/figure><figure class='gallery-item'>\n\t\t\t<div class='gallery-icon landscape'>\n\t\t\t\t<img loading=\"lazy\" decoding=\"async\" width=\"145\" height=\"108\" src=\"https:\/\/lagoritom.ch\/wp-content\/uploads\/2016\/12\/FPio8_Forme-e-spazzola5_thumb-2.jpg\" class=\"attachment-thumbnail size-thumbnail\" alt=\"\" \/>\n\t\t\t<\/div><\/figure><figure class='gallery-item'>\n\t\t\t<div class='gallery-icon landscape'>\n\t\t\t\t<img loading=\"lazy\" decoding=\"async\" width=\"145\" height=\"108\" src=\"https:\/\/lagoritom.ch\/wp-content\/uploads\/2016\/12\/FPio9_Forma4_thumb-2.jpg\" class=\"attachment-thumbnail size-thumbnail\" alt=\"\" \/>\n\t\t\t<\/div><\/figure><figure class='gallery-item'>\n\t\t\t<div class='gallery-icon landscape'>\n\t\t\t\t<img loading=\"lazy\" decoding=\"async\" width=\"145\" height=\"108\" src=\"https:\/\/lagoritom.ch\/wp-content\/uploads\/2016\/12\/FPio9_Cantina8_thumb-2.jpg\" class=\"attachment-thumbnail size-thumbnail\" alt=\"\" \/>\n\t\t\t<\/div><\/figure>\n\t\t<\/div>\n\n<div id='gallery-3' class='gallery galleryid-58 gallery-columns-4 gallery-size-thumbnail'><figure class='gallery-item'>\n\t\t\t<div class='gallery-icon landscape'>\n\t\t\t\t<img loading=\"lazy\" decoding=\"async\" width=\"145\" height=\"108\" src=\"https:\/\/lagoritom.ch\/wp-content\/uploads\/2016\/12\/FPio12_Mucche-verso-stalla1_thumb-4.jpg\" class=\"attachment-thumbnail size-thumbnail\" alt=\"\" \/>\n\t\t\t<\/div><\/figure><figure class='gallery-item'>\n\t\t\t<div class='gallery-icon landscape'>\n\t\t\t\t<img loading=\"lazy\" decoding=\"async\" width=\"145\" height=\"108\" src=\"https:\/\/lagoritom.ch\/wp-content\/uploads\/2016\/12\/FPio13_Mucche-verso-stalla-2_thumb-2.jpg\" class=\"attachment-thumbnail size-thumbnail\" alt=\"\" \/>\n\t\t\t<\/div><\/figure><figure class='gallery-item'>\n\t\t\t<div class='gallery-icon landscape'>\n\t\t\t\t<img loading=\"lazy\" decoding=\"async\" width=\"145\" height=\"108\" src=\"https:\/\/lagoritom.ch\/wp-content\/uploads\/2016\/12\/FPio14_Mucche-verso-stalla3_thumb-3.jpg\" class=\"attachment-thumbnail size-thumbnail\" alt=\"\" \/>\n\t\t\t<\/div><\/figure><figure class='gallery-item'>\n\t\t\t<div class='gallery-icon landscape'>\n\t\t\t\t<img loading=\"lazy\" decoding=\"async\" width=\"145\" height=\"108\" src=\"https:\/\/lagoritom.ch\/wp-content\/uploads\/2016\/12\/FPio15_Mucche-verso-stalla-paolo_thumb-1.jpg\" class=\"attachment-thumbnail size-thumbnail\" alt=\"\" \/>\n\t\t\t<\/div><\/figure>\n\t\t<\/div>\n\n<div id='gallery-4' class='gallery galleryid-58 gallery-columns-4 gallery-size-thumbnail'><figure class='gallery-item'>\n\t\t\t<div class='gallery-icon landscape'>\n\t\t\t\t<img loading=\"lazy\" decoding=\"async\" width=\"145\" height=\"108\" src=\"https:\/\/lagoritom.ch\/wp-content\/uploads\/2016\/12\/FPio16_Mungitura1_thumb-2.jpg\" class=\"attachment-thumbnail size-thumbnail\" alt=\"\" \/>\n\t\t\t<\/div><\/figure><figure class='gallery-item'>\n\t\t\t<div class='gallery-icon landscape'>\n\t\t\t\t<img loading=\"lazy\" decoding=\"async\" width=\"145\" height=\"108\" src=\"https:\/\/lagoritom.ch\/wp-content\/uploads\/2016\/12\/FPio17_Mucche-uscita-stalla1_thumb-1.jpg\" class=\"attachment-thumbnail size-thumbnail\" alt=\"\" \/>\n\t\t\t<\/div><\/figure><figure class='gallery-item'>\n\t\t\t<div class='gallery-icon landscape'>\n\t\t\t\t<img loading=\"lazy\" decoding=\"async\" width=\"145\" height=\"108\" src=\"https:\/\/lagoritom.ch\/wp-content\/uploads\/2016\/12\/FPio19_PICT0004_thumb-2.jpg\" class=\"attachment-thumbnail size-thumbnail\" alt=\"\" \/>\n\t\t\t<\/div><\/figure><figure class='gallery-item'>\n\t\t\t<div class='gallery-icon landscape'>\n\t\t\t\t<img loading=\"lazy\" decoding=\"async\" width=\"145\" height=\"108\" src=\"https:\/\/lagoritom.ch\/wp-content\/uploads\/2016\/12\/FPio20_PICT0003_thumb-2.jpg\" class=\"attachment-thumbnail size-thumbnail\" alt=\"\" \/>\n\t\t\t<\/div><\/figure>\n\t\t<\/div>\n\n<figure id=\"attachment_443\" aria-describedby=\"caption-attachment-443\" style=\"width: 527px\" class=\"wp-caption aligncenter\"><img loading=\"lazy\" decoding=\"async\" class=\"wp-image-443\" src=\"http:\/\/lagoritom.ch\/nuovo_sito\/wp-content\/uploads\/2016\/12\/FPio26_Alpe-riflesso-lago.jpg\" width=\"527\" height=\"351\" \/><figcaption id=\"caption-attachment-443\" class=\"wp-caption-text\">Cadagno See mit die Piora Alpk\u00e4serai (Blick Richtung Lukmanier Pass)<\/figcaption><\/figure>\n<\/div>\n<div class=\"hfeed site\" style=\"text-align: center;\"><\/div>\n<p>&nbsp;<\/p>\n<div class=\"hfeed site\" style=\"text-align: center;\"><\/div>\n<div class=\"hfeed site\" style=\"text-align: center;\">\n<figure id=\"attachment_438\" aria-describedby=\"caption-attachment-438\" style=\"width: 400px\" class=\"wp-caption aligncenter\"><img loading=\"lazy\" decoding=\"async\" class=\"wp-image-438 size-full\" src=\"http:\/\/lagoritom.ch\/nuovo_sito\/wp-content\/uploads\/2016\/12\/FPio22_Alpe-Piora-1931.jpg\" width=\"400\" height=\"267\" \/><figcaption id=\"caption-attachment-438\" class=\"wp-caption-text\">Alpe Piora im Jahre 1931<\/figcaption><\/figure>\n<div id='gallery-5' class='gallery galleryid-58 gallery-columns-4 gallery-size-thumbnail'><figure class='gallery-item'>\n\t\t\t<div class='gallery-icon landscape'>\n\t\t\t\t<img loading=\"lazy\" decoding=\"async\" width=\"150\" height=\"150\" src=\"https:\/\/lagoritom.ch\/wp-content\/uploads\/2016\/12\/FPio25_trasporto1-150x150-2.jpg\" class=\"attachment-thumbnail size-thumbnail\" alt=\"\" \/>\n\t\t\t<\/div><\/figure><figure class='gallery-item'>\n\t\t\t<div class='gallery-icon landscape'>\n\t\t\t\t<img loading=\"lazy\" decoding=\"async\" width=\"150\" height=\"150\" src=\"https:\/\/lagoritom.ch\/wp-content\/uploads\/2016\/12\/FPio24_trasporto-150x150-2.jpg\" class=\"attachment-thumbnail size-thumbnail\" alt=\"\" \/>\n\t\t\t<\/div><\/figure><figure class='gallery-item'>\n\t\t\t<div class='gallery-icon landscape'>\n\t\t\t\t<img loading=\"lazy\" decoding=\"async\" width=\"150\" height=\"150\" src=\"https:\/\/lagoritom.ch\/wp-content\/uploads\/2016\/12\/FPio22_Alpe-Piora-1931-150x150-2.jpg\" class=\"attachment-thumbnail size-thumbnail\" alt=\"\" \/>\n\t\t\t<\/div><\/figure><figure class='gallery-item'>\n\t\t\t<div class='gallery-icon landscape'>\n\t\t\t\t<img loading=\"lazy\" decoding=\"async\" width=\"150\" height=\"150\" src=\"https:\/\/lagoritom.ch\/wp-content\/uploads\/2016\/12\/FPio23_trasporto2-150x150-2.jpg\" class=\"attachment-thumbnail size-thumbnail\" alt=\"\" \/>\n\t\t\t<\/div><\/figure>\n\t\t<\/div>\n\n<p>&nbsp;<\/p>\n<\/div>\n","protected":false},"excerpt":{"rendered":"<p>Das Piora Tal ist auch sehr bekannt f\u00fcr seinen legend\u00e4ren Piora K\u00e4se, den Sie nicht verpassen d\u00fcrfen! Auf einsamen und weiten Weiden [&hellip;]<\/p>\n","protected":false},"author":4,"featured_media":0,"parent":0,"menu_order":0,"comment_status":"closed","ping_status":"closed","template":"page-templates\/page_fullwidth.php","meta":{"om_disable_all_campaigns":false,"footnotes":""},"class_list":["post-58","page","type-page","status-publish","hentry"],"translation":{"provider":"WPGlobus","version":"3.0.0","language":"de","enabled_languages":["it","en","de"],"languages":{"it":{"title":true,"content":true,"excerpt":false},"en":{"title":true,"content":true,"excerpt":false},"de":{"title":true,"content":true,"excerpt":false}}},"aioseo_notices":[],"_links":{"self":[{"href":"https:\/\/lagoritom.ch\/de\/wp-json\/wp\/v2\/pages\/58","targetHints":{"allow":["GET"]}}],"collection":[{"href":"https:\/\/lagoritom.ch\/de\/wp-json\/wp\/v2\/pages"}],"about":[{"href":"https:\/\/lagoritom.ch\/de\/wp-json\/wp\/v2\/types\/page"}],"author":[{"embeddable":true,"href":"https:\/\/lagoritom.ch\/de\/wp-json\/wp\/v2\/users\/4"}],"replies":[{"embeddable":true,"href":"https:\/\/lagoritom.ch\/de\/wp-json\/wp\/v2\/comments?post=58"}],"version-history":[{"count":18,"href":"https:\/\/lagoritom.ch\/de\/wp-json\/wp\/v2\/pages\/58\/revisions"}],"predecessor-version":[{"id":420,"href":"https:\/\/lagoritom.ch\/de\/wp-json\/wp\/v2\/pages\/58\/revisions\/420"}],"wp:attachment":[{"href":"https:\/\/lagoritom.ch\/de\/wp-json\/wp\/v2\/media?parent=58"}],"curies":[{"name":"wp","href":"https:\/\/api.w.org\/{rel}","templated":true}]}}