{"id":78,"date":"2016-12-29T19:31:45","date_gmt":"2016-12-29T19:31:45","guid":{"rendered":"http:\/\/www.studio-mic.it\/lagoritom\/?page_id=78"},"modified":"2017-04-19T20:35:11","modified_gmt":"2017-04-19T20:35:11","slug":"strada-alta","status":"publish","type":"page","link":"https:\/\/lagoritom.ch\/de\/strada-alta\/","title":{"rendered":"Die Strada Alta: eine zeitlose Wanderung"},"content":{"rendered":"<p style=\"text-align: center;\"><img loading=\"lazy\" decoding=\"async\" class=\"aligncenter wp-image-477\" src=\"http:\/\/lagoritom.ch\/nuovo_sito\/wp-content\/uploads\/2016\/12\/Anzonico20Nuova-1024x408.jpg\" alt=\"\" width=\"750\" height=\"299\" \/><\/p>\n<p style=\"text-align: left;\">Der ber\u00fchmte Wanderweg \u201eStrada Alta\u201c liegt an der sonnigen linken Seite des Leventina Tals, und l\u00e4sst sich in vier Tagesetappen erwandern. Dieser Ausflug beginnt in Airolo (1140m), am Fusse des Gotthard Pass, steigt bis auf 1800 m beim Ritom See, und sinkt via Passo Forca Richtung Osco bis nach Biasca. Auf dieser rund 45 km Wanderung werden Sie den \u00dcbergang von der Bergregion in das s\u00fcdliche Tal des Tessins erleben, von den Harzgeruch der Bergw\u00e4lder bis zu den Kastanien- und Akazienb\u00e4umen der Bassa Leventina. Dunkelbraune Leventina-Holzh\u00e4user,kleine Dorfkirchen, typischen Steinh\u00e4user und idyllische Tessiner Rustici werden Sie durch die Sonnenh\u00e4nge begleiten. Die Wanderung ist als Bergweg \u201eweiss-rot-weiss\u201c markiert. Von den meisten D\u00f6rfern k\u00f6nnen Sie zu Fuss oder mit dem Postauto die \u00f6ffentliche Verkehrsmittel im Tal erreichen. Mehr Informationen unten <a href=\"http:\/\/www.stradaalta.ch\" target=\"_blank\">www.stradaalta.ch<\/a><\/p>\n<p style=\"text-align: center;\"><img loading=\"lazy\" decoding=\"async\" class=\"aligncenter wp-image-478\" src=\"http:\/\/lagoritom.ch\/nuovo_sito\/wp-content\/uploads\/2016\/12\/Strada20Alta20Nuova-1024x403.jpg\" alt=\"\" width=\"750\" height=\"295\" \/><\/p>\n","protected":false},"excerpt":{"rendered":"<p>Der ber\u00fchmte Wanderweg \u201eStrada Alta\u201c liegt an der sonnigen linken Seite des Leventina Tals, und l\u00e4sst sich in vier Tagesetappen erwandern. Dieser [&hellip;]<\/p>\n","protected":false},"author":4,"featured_media":0,"parent":0,"menu_order":0,"comment_status":"closed","ping_status":"closed","template":"page-templates\/page_fullwidth.php","meta":{"om_disable_all_campaigns":false,"footnotes":""},"class_list":["post-78","page","type-page","status-publish","hentry"],"translation":{"provider":"WPGlobus","version":"3.0.0","language":"de","enabled_languages":["it","en","de"],"languages":{"it":{"title":true,"content":true,"excerpt":false},"en":{"title":true,"content":true,"excerpt":false},"de":{"title":true,"content":true,"excerpt":false}}},"aioseo_notices":[],"_links":{"self":[{"href":"https:\/\/lagoritom.ch\/de\/wp-json\/wp\/v2\/pages\/78","targetHints":{"allow":["GET"]}}],"collection":[{"href":"https:\/\/lagoritom.ch\/de\/wp-json\/wp\/v2\/pages"}],"about":[{"href":"https:\/\/lagoritom.ch\/de\/wp-json\/wp\/v2\/types\/page"}],"author":[{"embeddable":true,"href":"https:\/\/lagoritom.ch\/de\/wp-json\/wp\/v2\/users\/4"}],"replies":[{"embeddable":true,"href":"https:\/\/lagoritom.ch\/de\/wp-json\/wp\/v2\/comments?post=78"}],"version-history":[{"count":11,"href":"https:\/\/lagoritom.ch\/de\/wp-json\/wp\/v2\/pages\/78\/revisions"}],"predecessor-version":[{"id":1427,"href":"https:\/\/lagoritom.ch\/de\/wp-json\/wp\/v2\/pages\/78\/revisions\/1427"}],"wp:attachment":[{"href":"https:\/\/lagoritom.ch\/de\/wp-json\/wp\/v2\/media?parent=78"}],"curies":[{"name":"wp","href":"https:\/\/api.w.org\/{rel}","templated":true}]}}