{"id":80,"date":"2016-12-29T19:31:56","date_gmt":"2016-12-29T19:31:56","guid":{"rendered":"http:\/\/www.studio-mic.it\/lagoritom\/?page_id=80"},"modified":"2017-04-19T20:34:16","modified_gmt":"2017-04-19T20:34:16","slug":"lago-ritom","status":"publish","type":"page","link":"https:\/\/lagoritom.ch\/de\/lago-ritom\/","title":{"rendered":"Rundwanderung Ritom See"},"content":{"rendered":"<p style=\"text-align: left;\">Sie k\u00f6nnen diese wunderbare gem\u00fctliche Wanderung ab der Bergstation der Ritombahn oder bei unserem Berghaus (Parkpl\u00e4tze verf\u00fcgbar) starten. Im L\u00e4rchenwald auf dem Naturlehrpfad (gelb markiert) am rechten Seeufer sind verschiedene Tafeln vorhanden, welche Informationen \u00fcber die Region, die Flora und Fauna geben. Die Wanderung ist ab ca. Mitte Juni m\u00f6glich (je nach Schneeschmelze auf dem rechten Ufer) und gut mit einem Lunch bei unserem Rifugio zu kombienieren. Marschzeit bitte siehe unten.<\/p>\n<p style=\"text-align: center;\"><img loading=\"lazy\" decoding=\"async\" class=\"aligncenter wp-image-449 \" src=\"http:\/\/lagoritom.ch\/nuovo_sito\/wp-content\/uploads\/2016\/12\/Ritom20See20GIRO20leggera-1024x680.jpg\" width=\"609\" height=\"404\" \/><\/p>\n<p style=\"text-align: center;\"><strong>Marschzeit ab dem Berghaus Ritomsee: ca. 2-2.30 Std.<\/strong><\/p>\n<p style=\"text-align: center;\"><strong>Marschzeit ab der Bergstation Ritombahn<\/strong>: <strong>ca. 3-3.5 Std.<\/strong><\/p>\n<p style=\"text-align: center;\"><img loading=\"lazy\" decoding=\"async\" class=\"aligncenter wp-image-450\" src=\"http:\/\/lagoritom.ch\/nuovo_sito\/wp-content\/uploads\/2016\/12\/Ritom-giro-lago-con-funi.jpg\" alt=\"\" width=\"640\" height=\"401\" \/><\/p>\n<p style=\"text-align: center;\"><strong>PROFIL\/MARSCHZEIT WANDERUNG UM DEN RITOMSEE<\/strong><\/p>\n<p style=\"text-align: center;\"><img loading=\"lazy\" decoding=\"async\" class=\"aligncenter wp-image-1307 \" src=\"http:\/\/lagoritom.ch\/nuovo_sito\/wp-content\/uploads\/2016\/12\/Tedesco-giro-lago-ritom.jpg\" width=\"660\" height=\"385\" \/><\/p>\n","protected":false},"excerpt":{"rendered":"<p>Sie k\u00f6nnen diese wunderbare gem\u00fctliche Wanderung ab der Bergstation der Ritombahn oder bei unserem Berghaus (Parkpl\u00e4tze verf\u00fcgbar) starten. Im L\u00e4rchenwald auf dem [&hellip;]<\/p>\n","protected":false},"author":4,"featured_media":0,"parent":0,"menu_order":0,"comment_status":"closed","ping_status":"closed","template":"page-templates\/page_fullwidth.php","meta":{"om_disable_all_campaigns":false,"footnotes":""},"class_list":["post-80","page","type-page","status-publish","hentry"],"translation":{"provider":"WPGlobus","version":"3.0.0","language":"de","enabled_languages":["it","en","de"],"languages":{"it":{"title":true,"content":true,"excerpt":false},"en":{"title":true,"content":true,"excerpt":false},"de":{"title":true,"content":true,"excerpt":false}}},"aioseo_notices":[],"_links":{"self":[{"href":"https:\/\/lagoritom.ch\/de\/wp-json\/wp\/v2\/pages\/80","targetHints":{"allow":["GET"]}}],"collection":[{"href":"https:\/\/lagoritom.ch\/de\/wp-json\/wp\/v2\/pages"}],"about":[{"href":"https:\/\/lagoritom.ch\/de\/wp-json\/wp\/v2\/types\/page"}],"author":[{"embeddable":true,"href":"https:\/\/lagoritom.ch\/de\/wp-json\/wp\/v2\/users\/4"}],"replies":[{"embeddable":true,"href":"https:\/\/lagoritom.ch\/de\/wp-json\/wp\/v2\/comments?post=80"}],"version-history":[{"count":19,"href":"https:\/\/lagoritom.ch\/de\/wp-json\/wp\/v2\/pages\/80\/revisions"}],"predecessor-version":[{"id":1350,"href":"https:\/\/lagoritom.ch\/de\/wp-json\/wp\/v2\/pages\/80\/revisions\/1350"}],"wp:attachment":[{"href":"https:\/\/lagoritom.ch\/de\/wp-json\/wp\/v2\/media?parent=80"}],"curies":[{"name":"wp","href":"https:\/\/api.w.org\/{rel}","templated":true}]}}