{"id":82,"date":"2016-12-29T19:32:09","date_gmt":"2016-12-29T19:32:09","guid":{"rendered":"http:\/\/www.studio-mic.it\/lagoritom\/?page_id=82"},"modified":"2017-04-19T20:35:11","modified_gmt":"2017-04-19T20:35:11","slug":"sentiero-dei-fiori","status":"publish","type":"page","link":"https:\/\/lagoritom.ch\/de\/sentiero-dei-fiori\/","title":{"rendered":"Die Blumenwanderung"},"content":{"rendered":"<p style=\"text-align: left;\">Diese Wanderung empfehlen wir allen, die eine intakte wilde Natur beobachten m\u00f6chten. Im Juli und August sind die Bergblumen am sch\u00f6nsten. Der Weg f\u00fchrt Sie auf der S\u00fcdseite des Ritomsees durch einen lockeren Koniferenwald mit vielen L\u00e4rchen hinauf zur offenen Region der Alpe Pinett. Von hier aus geniessen Sie einen sch\u00f6nen Ausblick auf den Ritomsee und die Berggipfel der Leventina. Danach wandern Sie talw\u00e4rts Richtung Fontanelle um dann entlang dem Ritomsee durch den Wald\u00a0 bevor Sie unser Rifugio erreichen. Die Wanderzeit betr\u00e4gt ca. 3 Std. Bis ca. Mitte Juni k\u00f6nnte Schnee ab dem Passo Forca liegen. Gratis Wanderkarte bei uns erh\u00e4ltlich. Unten finden Sie das Profil der Wanderung und ein Paar Bilder dieser sch\u00f6nen Route.<\/p>\n<p style=\"text-align: center;\"><img loading=\"lazy\" decoding=\"async\" class=\"aligncenter wp-image-455\" src=\"http:\/\/lagoritom.ch\/nuovo_sito\/wp-content\/uploads\/2016\/12\/ritom-sentiero-fiori-didattico.jpg\" alt=\"\" width=\"695\" height=\"457\" \/><\/p>\n<p style=\"text-align: center;\"><strong>PROFIL\/WANDERZEIT BLUMENWANDERUNG<\/strong><\/p>\n<p style=\"text-align: center;\"><img loading=\"lazy\" decoding=\"async\" class=\"aligncenter wp-image-1310 \" src=\"http:\/\/lagoritom.ch\/nuovo_sito\/wp-content\/uploads\/2016\/12\/Tedesco-sentiero-dei-fiori.jpg\" width=\"725\" height=\"469\" \/><\/p>\n<p style=\"text-align: center;\"><img loading=\"lazy\" decoding=\"async\" class=\"aligncenter size-large wp-image-454\" src=\"http:\/\/lagoritom.ch\/nuovo_sito\/wp-content\/uploads\/2016\/12\/Esc2.jpg\" alt=\"\" width=\"612\" height=\"382\" \/><\/p>\n","protected":false},"excerpt":{"rendered":"<p>Diese Wanderung empfehlen wir allen, die eine intakte wilde Natur beobachten m\u00f6chten. Im Juli und August sind die Bergblumen am sch\u00f6nsten. Der [&hellip;]<\/p>\n","protected":false},"author":4,"featured_media":0,"parent":0,"menu_order":0,"comment_status":"closed","ping_status":"closed","template":"page-templates\/page_fullwidth.php","meta":{"om_disable_all_campaigns":false,"footnotes":""},"class_list":["post-82","page","type-page","status-publish","hentry"],"translation":{"provider":"WPGlobus","version":"3.0.0","language":"de","enabled_languages":["it","en","de"],"languages":{"it":{"title":true,"content":true,"excerpt":false},"en":{"title":true,"content":true,"excerpt":false},"de":{"title":true,"content":true,"excerpt":false}}},"aioseo_notices":[],"_links":{"self":[{"href":"https:\/\/lagoritom.ch\/de\/wp-json\/wp\/v2\/pages\/82","targetHints":{"allow":["GET"]}}],"collection":[{"href":"https:\/\/lagoritom.ch\/de\/wp-json\/wp\/v2\/pages"}],"about":[{"href":"https:\/\/lagoritom.ch\/de\/wp-json\/wp\/v2\/types\/page"}],"author":[{"embeddable":true,"href":"https:\/\/lagoritom.ch\/de\/wp-json\/wp\/v2\/users\/4"}],"replies":[{"embeddable":true,"href":"https:\/\/lagoritom.ch\/de\/wp-json\/wp\/v2\/comments?post=82"}],"version-history":[{"count":12,"href":"https:\/\/lagoritom.ch\/de\/wp-json\/wp\/v2\/pages\/82\/revisions"}],"predecessor-version":[{"id":1496,"href":"https:\/\/lagoritom.ch\/de\/wp-json\/wp\/v2\/pages\/82\/revisions\/1496"}],"wp:attachment":[{"href":"https:\/\/lagoritom.ch\/de\/wp-json\/wp\/v2\/media?parent=82"}],"curies":[{"name":"wp","href":"https:\/\/api.w.org\/{rel}","templated":true}]}}