{"id":88,"date":"2016-12-29T19:32:43","date_gmt":"2016-12-29T19:32:43","guid":{"rendered":"http:\/\/www.studio-mic.it\/lagoritom\/?page_id=88"},"modified":"2017-04-19T21:05:04","modified_gmt":"2017-04-19T21:05:04","slug":"sentiero-didattico","status":"publish","type":"page","link":"https:\/\/lagoritom.ch\/de\/sentiero-didattico\/","title":{"rendered":"Das Naturlehrpfad am Ritom See"},"content":{"rendered":"<p style=\"text-align: center;\"><img loading=\"lazy\" decoding=\"async\" class=\"aligncenter size-full wp-image-457\" src=\"http:\/\/lagoritom.ch\/nuovo_sito\/wp-content\/uploads\/2016\/12\/Cartello-sentiero-didattico.jpg\" alt=\"\" width=\"640\" height=\"427\" \/><\/p>\n<p>Das Lehrpfad startet gleich hinten unserem Rifugio und ist eine \u00f6kologische Wanderung mit einer Reihe von biologisch-kulturellen Besonderheiten. Mehrere Tafeln auf dem Weg erteilen auf Deutsch Informationen \u00fcber die Region. Der Weg f\u00fchrt Sie durch den Pinienwald am rechten Seeufer bis nach Cadagno, wo sich ein See, die Piora Alpk\u00e4serei und ein Zentrum f\u00fcr Alpinbiologie befinden. Bitte siehe hier unten das Profil\/Marschzeit der Wanderung und ein paar Photos.<\/p>\n<p style=\"text-align: center;\"><img loading=\"lazy\" decoding=\"async\" class=\"aligncenter wp-image-463\" src=\"http:\/\/lagoritom.ch\/nuovo_sito\/wp-content\/uploads\/2016\/12\/Sentiero-didattico.jpg\" alt=\"\" width=\"634\" height=\"411\" \/><\/p>\n<p style=\"text-align: center;\"><strong>PROFIL NATURLEHRPFAD RITOMSEE<\/strong><\/p>\n<p style=\"text-align: center;\"><img loading=\"lazy\" decoding=\"async\" class=\"alignnone wp-image-1315 \" src=\"http:\/\/lagoritom.ch\/nuovo_sito\/wp-content\/uploads\/2016\/12\/Tedesco-didattico.jpg\" width=\"643\" height=\"442\" \/><\/p>\n<p style=\"text-align: center;\"><img loading=\"lazy\" decoding=\"async\" class=\"aligncenter size-full wp-image-462\" src=\"http:\/\/lagoritom.ch\/nuovo_sito\/wp-content\/uploads\/2016\/12\/sent-did-10.jpg\" alt=\"\" width=\"640\" height=\"427\" \/><\/p>\n<div id='gallery-1' class='gallery galleryid-88 gallery-columns-2 gallery-size-medium'><figure class='gallery-item'>\n\t\t\t<div class='gallery-icon landscape'>\n\t\t\t\t<img loading=\"lazy\" decoding=\"async\" width=\"300\" height=\"201\" src=\"https:\/\/lagoritom.ch\/wp-content\/uploads\/2016\/12\/pinett28-350x234-300x201-2-300x201.jpg\" class=\"attachment-medium size-medium\" alt=\"\" srcset=\"https:\/\/lagoritom.ch\/wp-content\/uploads\/2016\/12\/pinett28-350x234-300x201-2.jpg 300w, https:\/\/lagoritom.ch\/wp-content\/uploads\/2016\/12\/pinett28-350x234-300x201-2-230x154.jpg 230w, https:\/\/lagoritom.ch\/wp-content\/uploads\/2016\/12\/pinett28-350x234-300x201-2-272x182.jpg 272w\" sizes=\"auto, (max-width: 300px) 100vw, 300px\" \/>\n\t\t\t<\/div><\/figure><figure class='gallery-item'>\n\t\t\t<div class='gallery-icon landscape'>\n\t\t\t\t<img loading=\"lazy\" decoding=\"async\" width=\"300\" height=\"201\" src=\"https:\/\/lagoritom.ch\/wp-content\/uploads\/2016\/12\/pinett25-350x234-300x201-2-300x201.jpg\" class=\"attachment-medium size-medium\" alt=\"\" srcset=\"https:\/\/lagoritom.ch\/wp-content\/uploads\/2016\/12\/pinett25-350x234-300x201-2.jpg 300w, https:\/\/lagoritom.ch\/wp-content\/uploads\/2016\/12\/pinett25-350x234-300x201-2-230x154.jpg 230w, https:\/\/lagoritom.ch\/wp-content\/uploads\/2016\/12\/pinett25-350x234-300x201-2-272x182.jpg 272w\" sizes=\"auto, (max-width: 300px) 100vw, 300px\" \/>\n\t\t\t<\/div><\/figure>\n\t\t<\/div>\n\n<div id='gallery-2' class='gallery galleryid-88 gallery-columns-2 gallery-size-medium'><figure class='gallery-item'>\n\t\t\t<div class='gallery-icon landscape'>\n\t\t\t\t<img loading=\"lazy\" decoding=\"async\" width=\"300\" height=\"201\" src=\"https:\/\/lagoritom.ch\/wp-content\/uploads\/2016\/12\/pinett26-350x234-300x201-2-300x201.jpg\" class=\"attachment-medium size-medium\" alt=\"\" srcset=\"https:\/\/lagoritom.ch\/wp-content\/uploads\/2016\/12\/pinett26-350x234-300x201-2.jpg 300w, https:\/\/lagoritom.ch\/wp-content\/uploads\/2016\/12\/pinett26-350x234-300x201-2-230x154.jpg 230w, https:\/\/lagoritom.ch\/wp-content\/uploads\/2016\/12\/pinett26-350x234-300x201-2-272x182.jpg 272w\" sizes=\"auto, (max-width: 300px) 100vw, 300px\" \/>\n\t\t\t<\/div><\/figure><figure class='gallery-item'>\n\t\t\t<div class='gallery-icon landscape'>\n\t\t\t\t<img loading=\"lazy\" decoding=\"async\" width=\"300\" height=\"201\" src=\"https:\/\/lagoritom.ch\/wp-content\/uploads\/2016\/12\/pinett27-350x234-300x201-2-300x201.jpg\" class=\"attachment-medium size-medium\" alt=\"\" srcset=\"https:\/\/lagoritom.ch\/wp-content\/uploads\/2016\/12\/pinett27-350x234-300x201-2.jpg 300w, https:\/\/lagoritom.ch\/wp-content\/uploads\/2016\/12\/pinett27-350x234-300x201-2-230x154.jpg 230w, https:\/\/lagoritom.ch\/wp-content\/uploads\/2016\/12\/pinett27-350x234-300x201-2-272x182.jpg 272w\" sizes=\"auto, (max-width: 300px) 100vw, 300px\" \/>\n\t\t\t<\/div><\/figure>\n\t\t<\/div>\n\n","protected":false},"excerpt":{"rendered":"<p>Das Lehrpfad startet gleich hinten unserem Rifugio und ist eine \u00f6kologische Wanderung mit einer Reihe von biologisch-kulturellen Besonderheiten. Mehrere Tafeln auf dem [&hellip;]<\/p>\n","protected":false},"author":4,"featured_media":0,"parent":0,"menu_order":0,"comment_status":"closed","ping_status":"closed","template":"page-templates\/page_fullwidth.php","meta":{"om_disable_all_campaigns":false,"footnotes":""},"class_list":["post-88","page","type-page","status-publish","hentry"],"translation":{"provider":"WPGlobus","version":"3.0.0","language":"de","enabled_languages":["it","en","de"],"languages":{"it":{"title":true,"content":true,"excerpt":false},"en":{"title":true,"content":true,"excerpt":false},"de":{"title":true,"content":true,"excerpt":false}}},"aioseo_notices":[],"_links":{"self":[{"href":"https:\/\/lagoritom.ch\/de\/wp-json\/wp\/v2\/pages\/88","targetHints":{"allow":["GET"]}}],"collection":[{"href":"https:\/\/lagoritom.ch\/de\/wp-json\/wp\/v2\/pages"}],"about":[{"href":"https:\/\/lagoritom.ch\/de\/wp-json\/wp\/v2\/types\/page"}],"author":[{"embeddable":true,"href":"https:\/\/lagoritom.ch\/de\/wp-json\/wp\/v2\/users\/4"}],"replies":[{"embeddable":true,"href":"https:\/\/lagoritom.ch\/de\/wp-json\/wp\/v2\/comments?post=88"}],"version-history":[{"count":16,"href":"https:\/\/lagoritom.ch\/de\/wp-json\/wp\/v2\/pages\/88\/revisions"}],"predecessor-version":[{"id":464,"href":"https:\/\/lagoritom.ch\/de\/wp-json\/wp\/v2\/pages\/88\/revisions\/464"}],"wp:attachment":[{"href":"https:\/\/lagoritom.ch\/de\/wp-json\/wp\/v2\/media?parent=88"}],"curies":[{"name":"wp","href":"https:\/\/api.w.org\/{rel}","templated":true}]}}